{"id":607,"date":"2023-07-13T08:47:41","date_gmt":"2023-07-13T06:47:41","guid":{"rendered":"https:\/\/autoposzt.hu\/?page_id=607"},"modified":"2024-09-28T07:43:24","modified_gmt":"2024-09-28T05:43:24","slug":"adatkezelesi-tajekoztato-es-nyilatkozat","status":"publish","type":"page","link":"https:\/\/autoposzt.hu\/?page_id=607","title":{"rendered":"Adatkezel\u00e9si t\u00e1j\u00e9koztat\u00f3 \u00e9s nyilatkozat"},"content":{"rendered":"\n\n\n<p class=\"MsoNormal\"><o:p><\/o:p><\/p><h2 style=\"color: rgb(115, 115, 115);\">A dokumentum c\u00e9lja<\/h2>\n\n\n\n\n<span style=\"color:#737373;\"><p class=\"MsoNormal\">Jelen Adatkezel\u00e9si Nyilatkozat c\u00e9lja, hogy az autoposzt.hu weboldal\nfelhaszn\u00e1l\u00f3i \u00e1ltal, az oldal haszn\u00e1lata sor\u00e1n megadott \u00e9s a weboldal\n\u00fczemeltet\u0151je (Koroknyai Csaba EV, 8230 Balatonf\u00fcred, Gomb\u00e1s k\u00f6z 1.) \u00e1ltal\nkezelt szem\u00e9lyes adatok \u00e9s egy\u00e9b adatok kezel\u00e9s\u00e9re vonatkoz\u00f3 elveket \u00e9s\nszab\u00e1lyokat meghat\u00e1rozza.<o:p><\/o:p><\/p><p class=\"MsoNormal\">A jelen adatkezel\u00e9si szab\u00e1lyzat az autoposzt.hu weboldalon a\nl\u00e1togat\u00f3k \u00e1ltal \u00f6nk\u00e9ntes hozz\u00e1j\u00e1rul\u00e1ssal megadott, let\u00f6lt\u00e9sekhez, k\u00e9pz\u00e9si\nanyagokhoz, szakmai \u00edr\u00e1sok, term\u00e9kek megv\u00e1s\u00e1rl\u00e1s\u00e1hoz \u00e9s h\u00edrlev\u00e9l kik\u00fcld\u00e9s\u00e9hez\nkapcsol\u00f3d\u00f3 adatok t\u00e1rol\u00e1s\u00e1ra \u00e9s kezel\u00e9s\u00e9re vonatkozik. A szem\u00e9lyes adatok\nkezel\u00e9s\u00e9t az al\u00e1bbi alapelvek betart\u00e1sa mellett v\u00e9gezz\u00fck:<o:p><\/o:p><\/p><p class=\"MsoNormal\">i) Szem\u00e9lyes adat kiz\u00e1r\u00f3lag meghat\u00e1rozott c\u00e9lb\u00f3l, jog\ngyakorl\u00e1sa \u00e9s k\u00f6telezetts\u00e9g teljes\u00edt\u00e9se \u00e9rdek\u00e9ben kezelhet\u0151. Az adatkezel\u00e9snek\nminden szakasz\u00e1ban meg kell felelnie az adatkezel\u00e9s c\u00e9lj\u00e1nak, az adatok\nfelv\u00e9tel\u00e9nek \u00e9s kezel\u00e9s\u00e9nek tisztess\u00e9gesnek \u00e9s t\u00f6rv\u00e9nyesnek kell lennie.<o:p><\/o:p><\/p><p class=\"MsoNormal\">ii) Csak olyan szem\u00e9lyes adatot kezel\u00fcnk, amely az\nadatkezel\u00e9s c\u00e9lj\u00e1nak megval\u00f3sul\u00e1s\u00e1hoz elengedhetetlen, a c\u00e9l el\u00e9r\u00e9s\u00e9re\nalkalmas. A szem\u00e9lyes adat csak a c\u00e9l megval\u00f3sul\u00e1s\u00e1hoz sz\u00fcks\u00e9ges m\u00e9rt\u00e9kben \u00e9s\nideig kezelhet\u0151.<o:p><\/o:p><\/p><p>\n\n\n\n\n\n\n\n<\/p><p class=\"MsoNormal\">iii) Az adatkezel\u00e9s sor\u00e1n biztos\u00edtjuk az adatok pontoss\u00e1g\u00e1t,\nteljess\u00e9g\u00e9t \u00e9s &#8211; ha az adatkezel\u00e9s c\u00e9lj\u00e1ra tekintettel sz\u00fcks\u00e9ges &#8211;\nnaprak\u00e9szs\u00e9g\u00e9t, valamint azt, hogy az \u00e9rintettet csak az adatkezel\u00e9s c\u00e9lj\u00e1hoz\nsz\u00fcks\u00e9ges ideig lehessen azonos\u00edtani.<\/p><\/span><p class=\"MsoNormal\"><o:p><\/o:p><\/p>\n\n\n\n\n\n<h2 style=\"color: rgb(115, 115, 115);\">I. \u00c1ltal\u00e1nos rendelkez\u00e9sek<\/h2>\n\n\n\n\n<h4 style=\"color: rgb(115, 115, 115);\">1. \u00c1ltal\u00e1nos adatok<\/h4>\n\n\n\n\n<span style=\"color:#737373;\"><p class=\"MsoNormal\">Az adatkezel\u0151 megnevez\u00e9se: Koroknyai Csaba EV.\n(tov\u00e1bbiakban: Adatkezel\u0151)<o:p><\/o:p><\/p><p class=\"MsoNormal\">Az adatkezel\u0151 c\u00edme: 823 Balatonf\u00fcred, Gomb\u00e1s k\u00f6z 1.<o:p><\/o:p><\/p><p class=\"MsoNormal\">Az adatkezel\u0151 el\u00e9rhet\u0151s\u00e9gei: <o:p><\/o:p><\/p><p class=\"MsoNormal\">email: tartalom@autoposzt.hu<o:p><\/o:p><\/p><p class=\"MsoNormal\">tel: +3670 341-1942<o:p><\/o:p><\/p><p class=\"MsoNormal\">weboldal: <a href=\"https:\/\/autoposzt.hu\/\">https:\/\/autoposzt.hu<\/a><o:p><\/o:p><\/p><p class=\"MsoNormal\">Az adatkezel\u00e9s jogalapja: az inform\u00e1ci\u00f3s \u00f6nrendelkez\u00e9si\njogr\u00f3l \u00e9s az inform\u00e1ci\u00f3szabads\u00e1gr\u00f3l sz\u00f3l\u00f3 2011. \u00e9vi CXII. t\u00f6rv\u00e9ny 5. \u00a7 (1)\nbekezd\u00e9s a) pontja alapj\u00e1n az \u00e9rintett hozz\u00e1j\u00e1rul\u00e1sa.<o:p><\/o:p><\/p><p class=\"MsoNormal\">Adatkezel\u00e9ssel \u00e9rintettek k\u00f6re: a weboldalon a nev\u00fcket\n\u00e9s\/vagy az email c\u00edm\u00fcket rendelkez\u00e9sre bocs\u00e1t\u00f3 Felhaszn\u00e1l\u00f3k<o:p><\/o:p><\/p><p class=\"MsoNormal\">Hozz\u00e1j\u00e1rul\u00e1s az adatkezel\u00e9shez: A Felhaszn\u00e1l\u00f3k az adataik\nmegad\u00e1sa sor\u00e1n kifejezetten hozz\u00e1j\u00e1rulnak ahhoz, hogy szem\u00e9lyes adatait az\nAdatkezel\u0151 a jelen t\u00e1j\u00e9koztat\u00f3ban \u00edrt m\u00f3don kezelje.<o:p><\/o:p><\/p><p class=\"MsoNormal\">Az adatkezel\u00e9s c\u00e9lja:<o:p><\/o:p><\/p><p class=\"MsoNormal\">online tartalomszolg\u00e1ltat\u00e1s;<o:p><\/o:p><\/p><p class=\"MsoNormal\">a Felhaszn\u00e1l\u00f3 azonos\u00edt\u00e1sa, a szolg\u00e1ltat\u00e1shoz sz\u00fcks\u00e9ges\nm\u00e9rt\u00e9kben a vele val\u00f3 kapcsolattart\u00e1s;<o:p><\/o:p><\/p><p class=\"MsoNormal\">a Felhaszn\u00e1l\u00f3 jogosults\u00e1gainak kezel\u00e9se (a Felhaszn\u00e1l\u00f3 \u00e1ltal\nig\u00e9nybe vehet\u0151 szolg\u00e1ltat\u00e1sok azonos\u00edt\u00e1sa);<o:p><\/o:p><\/p><p class=\"MsoNormal\">a Felhaszn\u00e1l\u00f3 \u00e1ltal ig\u00e9nybe vett szolg\u00e1ltat\u00e1sok, valamint a\nsz\u00e1m\u00e1ra k\u00e9sz\u00edtett hirdet\u00e9sek testreszab\u00e1s\u00e1nak el\u0151seg\u00edt\u00e9se, a k\u00e9nyelmi funkci\u00f3k\nig\u00e9nybev\u00e9tele;<o:p><\/o:p><\/p><p class=\"MsoNormal\">statisztik\u00e1k, elemz\u00e9sek k\u00e9sz\u00edt\u00e9se;<o:p><\/o:p><\/p><p class=\"MsoNormal\">Kiz\u00e1r\u00f3lag saj\u00e1t term\u00e9keink, szolg\u00e1ltat\u00e1sunk prom\u00f3ci\u00f3ja sor\u00e1n\nmarketing c\u00e9l\u00fa megkeres\u00e9s (pl. h\u00edrlev\u00e9l)<o:p><\/o:p><\/p><p class=\"MsoNormal\">L\u00e1togat\u00f3 \u00e1ltal gener\u00e1lt tartalmak (pl. hozz\u00e1sz\u00f3l\u00e1s, chat\nstb.) k\u00f6zz\u00e9t\u00e9tel\u00e9hez sz\u00fcks\u00e9ges azonos\u00edt\u00e1s<o:p><\/o:p><\/p><p class=\"MsoNormal\">alkalmi esetekben nyerem\u00e9nyj\u00e1t\u00e9kok szervez\u00e9se,\nlebonyol\u00edt\u00e1sa, a nyertesek ki\u00e9rtes\u00edt\u00e9se \u00e9s r\u00e9sz\u00fckre a nyerem\u00e9ny biztos\u00edt\u00e1sa;<o:p><\/o:p><\/p><p class=\"MsoNormal\">az \u00dcgyfelek jogainak v\u00e9delme;<o:p><\/o:p><\/p><p class=\"MsoNormal\">az Adatkezel\u0151 jogos \u00e9rdekeinek \u00e9rv\u00e9nyes\u00edt\u00e9se.<o:p><\/o:p><\/p><p>\n\n\n\n\n\n\n\n\n\n\n\n\n\n\n\n\n\n\n\n\n\n\n\n\n\n\n\n\n\n\n\n\n\n\n\n\n\n\n\n<\/p><p class=\"MsoNormal\">Az adatkezel\u00e9s m\u00f3dja: automatiz\u00e1lt adatfeldolgoz\u00e1s.<\/p><\/span><p class=\"MsoNormal\"><o:p><\/o:p><\/p>\n\n\n\n\n<h4 style=\"color: rgb(115, 115, 115);\">2. A kezelt szem\u00e9lyes adatok k\u00f6re<\/h4>\n\n\n\n\n<span style=\"color:#737373;\"><p class=\"MsoNormal\">A felhaszn\u00e1l\u00f3i \u00f6nk\u00e9ntes adatszolg\u00e1ltat\u00e1s sor\u00e1n az al\u00e1bbi\nadatokat adhatja meg az autoposzt.hu oldalon tal\u00e1lhat\u00f3 feliratkoz\u00f3 \u0171rlapok\nhaszn\u00e1lat\u00e1val:<o:p><\/o:p><\/p><p class=\"MsoNormal\">a felhaszn\u00e1l\u00f3 neve \u2013 c\u00e9l: kapcsolatfelv\u00e9tel, azonos\u00edt\u00e1s<o:p><\/o:p><\/p><p class=\"MsoNormal\">e-mail c\u00edme \u2013 c\u00e9l: kapcsolatfelv\u00e9tel, t\u00e1j\u00e9koztat\u00f3\nmegk\u00fcld\u00e9se, a sz\u00e1mla k\u00fcld\u00e9se, h\u00edrlev\u00e9l k\u00fcld\u00e9se<o:p><\/o:p><\/p><p class=\"MsoNormal\">telefonsz\u00e1ma \u2013 c\u00e9l: kapcsolatfelv\u00e9tel<o:p><\/o:p><\/p><p class=\"MsoNormal\">Tervezett szolg\u00e1ltat\u00e1s: Az online fizet\u00e9s sor\u00e1n megadott\nbankk\u00e1rtyasz\u00e1mot az Adatkezel\u0151 (\u00e9s a fizet\u00e9si rendszert biztos\u00edt\u00f3 Stripe\nPayments UK Ltd) nem t\u00e1rolja, az titkos\u00edtott form\u00e1ban ker\u00fcl tov\u00e1bb\u00edt\u00e1sra, \u00e9s a\nk\u00e1rtya utols\u00f3 4 sz\u00e1mjegye hozz\u00e1f\u00e9rhet\u0151 csak Adatkezel\u0151 sz\u00e1m\u00e1ra.<o:p><\/o:p><\/p><p>\n\n\n\n\n\n\n\n\n\n<\/p><p class=\"MsoNormal\">A Szolg\u00e1ltat\u00f3 marketing c\u00e9lb\u00f3l csak olyan szem\u00e9lyes adatokat\nr\u00f6gz\u00edt, amelyek el\u00e9gs\u00e9gesek az \u00fcgyf\u00e9llel val\u00f3 kapcsolat tart\u00e1s\u00e1ra, a sz\u00fcks\u00e9ges\n\u00e9s relev\u00e1ns inform\u00e1ci\u00f3k eljuttat\u00e1s\u00e1ra. Ilyen c\u00e9l\u00fa adat r\u00f6gz\u00edt\u00e9se minden esetben\naz \u00fcgyf\u00e9l saj\u00e1t hozz\u00e1j\u00e1rul\u00e1s\u00e1n alapul, \u00e9s azok meg\u0151rz\u00e9s\u00e9nek ideje az \u00fcgyf\u00e9l\nhozz\u00e1j\u00e1rul\u00e1s\u00e1nak visszavon\u00e1s\u00e1ig, vagy az adott marketing szolg\u00e1ltat\u00e1s\nSzolg\u00e1ltat\u00f3 \u00e1ltali v\u00e9gz\u00e9s\u00e9nek idej\u00e9ig tart.<\/p><\/span><p class=\"MsoNormal\"><o:p><\/o:p><\/p>\n\n\n\n\n<h4 style=\"color: rgb(115, 115, 115);\">3. Az adatfeldolgoz\u00f3k (az adatkezel\u00e9si m\u0171veletekhez\nkapcsol\u00f3d\u00f3 technikai feladatokat v\u00e9gz\u0151k) szem\u00e9lye<\/h4>\n\n\n\n\n<p class=\"MsoNormal\">Koroknyai Csaba EV. \u00e9s a megb\u00edzott alv\u00e1llalkoz\u00f3k.<o:p><\/o:p><\/p>\n\n\n\n\n<h4 style=\"color: rgb(115, 115, 115);\">4. Az adatkezel\u00e9s id\u0151tartama<\/h4>\n\n\n\n\n<p class=\"MsoNormal\"><span style=\"color:#737373;\">A megadott adatokat hat\u00e1rozatlan ideig vagy az \u00e9rintett\nhozz\u00e1j\u00e1rul\u00e1s\u00e1nak visszavon\u00e1s\u00e1ig kezeli az Adatkezel\u0151.<\/span><o:p><\/o:p><\/p>\n\n\n\n\n<h4 style=\"color: rgb(115, 115, 115);\">5. Adattov\u00e1bb\u00edt\u00e1s harmadik szem\u00e9lynek<\/h4>\n\n\n\n\n<p><span style=\"color:#737373;\">A h\u00edrlev\u00e9lre, webin\u00e1riumra, vagy m\u00e1s, az Adatakezel\u0151 \u00e1ltal szervezett d\u00edjmentes, regisztr\u00e1ci\u00f3hoz k\u00f6t\u00f6tt esem\u00e9nyekre t\u00f6rt\u00e9n\u0151 feliratkoz\u00e1s sor\u00e1n megadott adatokat soha nem tov\u00e1bb\u00edtjuk harmadik szem\u00e9lynek. Tervezett: Az online v\u00e1s\u00e1rl\u00e1s sor\u00e1n megadott szem\u00e9lyes adatok a fizet\u00e9si rendszert biztos\u00edt\u00f3 Stripe Payments UK Ltd biztons\u00e1gos rendszer\u00e9ben ker\u00fclnek t\u00e1rol\u00e1sra, kiz\u00e1r\u00f3lag a tranzakci\u00f3 azonos\u00edt\u00e1sa c\u00e9lj\u00e1b\u00f3l \u00e9s m\u00e9rt\u00e9k\u00e9ig. A bankk\u00e1rtya adatokhoz adatkezel\u0151 nem f\u00e9r hozz\u00e1, a Stripe pedig titkos\u00edtott form\u00e1ban t\u00e1rolja az esetleges p\u00e9nvisszat\u00e9r\u00edt\u00e9sek lehet\u0151v\u00e9 t\u00e9tele miatt, illetve a havi d\u00edjas szolg\u00e1ltat\u00e1sok automatikus terhel\u00e9se c\u00e9lj\u00e1b\u00f3l.<\/span><br><\/p>\n\n\n\n\n<h4 style=\"color: rgb(115, 115, 115);\">6. A felhaszn\u00e1l\u00f3 jogai<\/h4>\n\n\n\n\n<span style=\"color:#737373;\"><p>A Felhaszn\u00e1l\u00f3 k\u00e9relmezheti az Adatkezel\u0151n\u00e9l<\/p><p>a) t\u00e1j\u00e9koztat\u00e1s\u00e1t szem\u00e9lyes adatai kezel\u00e9s\u00e9r\u0151l,<\/p><p>b) szem\u00e9lyes adatainak helyesb\u00edt\u00e9s\u00e9t, valamint<\/p><p>c) szem\u00e9lyes adatainak &#8211; a k\u00f6telez\u0151 adatkezel\u00e9s kiv\u00e9tel\u00e9vel &#8211; t\u00f6rl\u00e9s\u00e9t vagy z\u00e1rol\u00e1s\u00e1t.<\/p><p>Az \u00e9rintett Felhaszn\u00e1l\u00f3 k\u00e9relm\u00e9re az Adatkezel\u0151 t\u00e1j\u00e9koztat\u00e1st ad az \u00e9rintett \u00e1ltala kezelt, illetve az \u00e1ltala vagy rendelkez\u00e9se szerint megb\u00edzott adatfeldolgoz\u00f3 \u00e1ltal feldolgozott adatair\u00f3l, azok forr\u00e1s\u00e1r\u00f3l, az adatkezel\u00e9s c\u00e9lj\u00e1r\u00f3l, jogalapj\u00e1r\u00f3l, id\u0151tartam\u00e1r\u00f3l, az adatfeldolgoz\u00f3 nev\u00e9r\u0151l, c\u00edm\u00e9r\u0151l \u00e9s az adatkezel\u00e9ssel \u00f6sszef\u00fcgg\u0151 tev\u00e9kenys\u00e9g\u00e9r\u0151l, az adatv\u00e9delmi incidens k\u00f6r\u00fclm\u00e9nyeir\u0151l, hat\u00e1sair\u00f3l \u00e9s az elh\u00e1r\u00edt\u00e1s\u00e1ra megtett int\u00e9zked\u00e9sekr\u0151l, tov\u00e1bb\u00e1 &#8211; az \u00e9rintett szem\u00e9lyes adatainak tov\u00e1bb\u00edt\u00e1sa eset\u00e9n &#8211; az adattov\u00e1bb\u00edt\u00e1s jogalapj\u00e1r\u00f3l \u00e9s c\u00edmzettj\u00e9r\u0151l.<\/p><p>Az Adatkezel\u0151 a k\u00e9relem beny\u00fajt\u00e1s\u00e1t\u00f3l sz\u00e1m\u00edtott legr\u00f6videbb id\u0151 alatt, legfeljebb 14 napon bel\u00fcl, k\u00f6z\u00e9rthet\u0151 form\u00e1ban, az \u00e9rintett erre ir\u00e1nyul\u00f3 k\u00e9relm\u00e9re \u00edr\u00e1sban megadja a t\u00e1j\u00e9koztat\u00e1st.<\/p><p>A t\u00e1j\u00e9koztat\u00e1s ingyenes, ha a t\u00e1j\u00e9koztat\u00e1st k\u00e9r\u0151 a foly\u00f3 \u00e9vben azonos adatk\u00f6rre vonatkoz\u00f3 t\u00e1j\u00e9koztat\u00e1si k\u00e9relmet az Adatkezel\u0151h\u00f6z m\u00e9g nem ny\u00fajtott be. Egy\u00e9b esetekben az Adatkezel\u0151 k\u00f6lts\u00e9gt\u00e9r\u00edt\u00e9st \u00e1llap\u00edthat meg.<\/p><p>Az Adatkezel\u0151 a szem\u00e9lyes adatot t\u00f6rli, ha<\/p><p>i) kezel\u00e9se jogellenes;<\/p><p>ii) az \u00e9rintett k\u00e9ri;<\/p><p>iii) az hi\u00e1nyos vagy t\u00e9ves &#8211; \u00e9s ez az \u00e1llapot jogszer\u0171en nem orvosolhat\u00f3 -, felt\u00e9ve, hogy a t\u00f6rl\u00e9st t\u00f6rv\u00e9ny nem z\u00e1rja ki;<\/p><p>iv) az adatkezel\u00e9s c\u00e9lja megsz\u0171nt, vagy az adatok t\u00e1rol\u00e1s\u00e1nak t\u00f6rv\u00e9nyben meghat\u00e1rozott hat\u00e1rideje lej\u00e1rt;<\/p><p>v) azt a b\u00edr\u00f3s\u00e1g vagy a Hat\u00f3s\u00e1g elrendelte.<\/p><p>A helyesb\u00edt\u00e9sr\u0151l, a z\u00e1rol\u00e1sr\u00f3l, a megjel\u00f6l\u00e9sr\u0151l \u00e9s a t\u00f6rl\u00e9sr\u0151l az \u00e9rintettet, tov\u00e1bb\u00e1 mindazokat \u00e9rtes\u00edti, akiknek kor\u00e1bban az adatot adatkezel\u00e9s c\u00e9lj\u00e1ra tov\u00e1bb\u00edtott\u00e1k. Az \u00e9rtes\u00edt\u00e9s mell\u0151zhet\u0151, ha ez az adatkezel\u00e9s c\u00e9lj\u00e1ra val\u00f3 tekintettel az \u00e9rintett jogos \u00e9rdek\u00e9t nem s\u00e9rti.<\/p><p>Ha az Adatkezel\u0151 az \u00e9rintett helyesb\u00edt\u00e9s, z\u00e1rol\u00e1s vagy t\u00f6rl\u00e9s ir\u00e1nti k\u00e9relm\u00e9t nem teljes\u00edti, a k\u00e9relem k\u00e9zhezv\u00e9tel\u00e9t k\u00f6vet\u0151 30 napon bel\u00fcl \u00edr\u00e1sban vagy az \u00e9rintett hozz\u00e1j\u00e1rul\u00e1s\u00e1val elektronikus \u00faton k\u00f6zli a helyesb\u00edt\u00e9s, z\u00e1rol\u00e1s vagy t\u00f6rl\u00e9s ir\u00e1nti k\u00e9relem elutas\u00edt\u00e1s\u00e1nak t\u00e9nybeli \u00e9s jogi indokait. A helyesb\u00edt\u00e9s, t\u00f6rl\u00e9s vagy z\u00e1rol\u00e1s ir\u00e1nti k\u00e9relem elutas\u00edt\u00e1sa eset\u00e9n az Adatkezel\u0151 t\u00e1j\u00e9koztatja az \u00e9rintettet a b\u00edr\u00f3s\u00e1gi jogorvoslat, tov\u00e1bb\u00e1 a Hat\u00f3s\u00e1ghoz fordul\u00e1s lehet\u0151s\u00e9g\u00e9r\u0151l.<\/p><div><\/div><\/span><div><br><\/div>\n\n\n\n\n<h4 style=\"color: rgb(115, 115, 115);\">7. B\u00edr\u00f3s\u00e1gi jogorvoslat<\/h4>\n\n\n\n\n<p>K\u00e9rj\u00fck a tisztelt Felhaszn\u00e1l\u00f3t, hogy amennyiben \u00fagy \u00e9rzik, hogy az Adatkezel\u0151 megs\u00e9rtette a szem\u00e9lyes adatok v\u00e9delm\u00e9hez f\u0171z\u0151d\u0151 jogait, akkor vegye fel vel\u00fcnk a kapcsolatot, hogy az esetleges jogs\u00e9rt\u00e9st orvosolhassuk.<\/p><p>T\u00e1j\u00e9koztatjuk a Felhaszn\u00e1l\u00f3t tov\u00e1bb\u00e1, hogy az \u00e9rintett a jogainak megs\u00e9rt\u00e9se eset\u00e9n az Adatkezel\u0151 ellen b\u00edr\u00f3s\u00e1ghoz fordulhat. A b\u00edr\u00f3s\u00e1g az \u00fcgyben soron k\u00edv\u00fcl j\u00e1r el. A per elb\u00edr\u00e1l\u00e1sa a t\u00f6rv\u00e9nysz\u00e9k hat\u00e1sk\u00f6r\u00e9be tartozik. A per az adatkezel\u0151 sz\u00e9khelye szerinti, vagy az \u00e9rintett v\u00e1laszt\u00e1sa szerint az \u00e9rintett lak\u00f3helye vagy tart\u00f3zkod\u00e1si helye szerinti t\u00f6rv\u00e9nysz\u00e9k el\u0151tt is megind\u00edthat\u00f3. A perben f\u00e9l lehet az is, akinek egy\u00e9bk\u00e9nt nincs perbeli jogk\u00e9pess\u00e9ge.<\/p><p>Ha az Adatkezel\u0151 az \u00e9rintett adatainak jogellenes kezel\u00e9s\u00e9vel vagy az adatbiztons\u00e1g k\u00f6vetelm\u00e9nyeinek megszeg\u00e9s\u00e9vel m\u00e1snak k\u00e1rt okoz, k\u00f6teles azt megt\u00e9r\u00edteni. Ha az Adatkezel\u0151 az \u00e9rintett adatainak jogellenes kezel\u00e9s\u00e9vel vagy az adatbiztons\u00e1g k\u00f6vetelm\u00e9nyeinek megszeg\u00e9s\u00e9vel az \u00e9rintett szem\u00e9lyis\u00e9gi jog\u00e1t megs\u00e9rti, az \u00e9rintett az Adatkezel\u0151t\u0151l s\u00e9relemd\u00edjat k\u00f6vetelhet. Az Adatkezel\u0151 mentes\u00fcl az okozott k\u00e1r\u00e9rt val\u00f3 felel\u0151ss\u00e9g \u00e9s a s\u00e9relemd\u00edj megfizet\u00e9s\u00e9nek k\u00f6telezetts\u00e9ge al\u00f3l, ha bizony\u00edtja, hogy a k\u00e1rt vagy az \u00e9rintett szem\u00e9lyis\u00e9gi jog\u00e1nak s\u00e9relm\u00e9t az adatkezel\u00e9s k\u00f6r\u00e9n k\u00edv\u00fcl es\u0151 elh\u00e1r\u00edthatatlan ok id\u00e9zte el\u0151. Nem kell megt\u00e9r\u00edteni a k\u00e1rt \u00e9s nem k\u00f6vetelhet\u0151 a s\u00e9relemd\u00edj annyiban, amennyiben a k\u00e1r a k\u00e1rosult vagy a szem\u00e9lyis\u00e9gi jog megs\u00e9rt\u00e9s\u00e9vel okozott jogs\u00e9relem az \u00e9rintett sz\u00e1nd\u00e9kos vagy s\u00falyosan gondatlan magatart\u00e1s\u00e1b\u00f3l sz\u00e1rmazott.<\/p>\n\n\n\n\n<h4 style=\"color: rgb(115, 115, 115);\">8. Hat\u00f3s\u00e1g<\/h4>\n\n\n\n\n<span style=\"color:#737373;\"><p>Az \u00e9rintett panasszal fordulhat, ill. t\u00e1j\u00e9koztat\u00e1st k\u00e9rhet a Hat\u00f3s\u00e1gt\u00f3l is:<\/p><p>N\u00e9v: Nemzeti Adatv\u00e9delmi \u00e9s Inform\u00e1ci\u00f3s Hat\u00f3s\u00e1g<\/p><p>Sz\u00e9khely: 1125 Budapest Szil\u00e1gyi Erzs\u00e9bet fasor 22\/c.<\/p><p>Postac\u00edm: 1530 Budapest, Pf.: 5.<\/p><p>Email: ugyfelszolgalat@naih.hu<\/p><p>Telefon: +36 (1) 391-1400<\/p><p>Fax: +36 (1) 391-1410<\/p><p>Honlap: http:\/\/naih.hu<\/p><\/span><p><\/p>\n\n\n\n\n\n<h2 style=\"color: rgb(115, 115, 115);\">II. R\u00c9SZLETES ADATKEZEL\u00c9SI RENDELKEZ\u00c9SEK<\/h2>\n\n\n\n\n<h4 style=\"color: rgb(115, 115, 115);\">1. Cookie-k (s\u00fctik) kezel\u00e9se<\/h4>\n\n\n\n\n<p class=\"MsoNormal\">Amikor \u00d6n az autoposz.hu oldalt olvassa, ez azzal is j\u00e1rhat,\nhogy cookie-kat vagy hasonl\u00f3 technol\u00f3gi\u00e1kat haszn\u00e1lunk b\u00f6ng\u00e9sz\u0151j\u00e9nek vagy\neszk\u00f6z\u00e9nek azonos\u00edt\u00e1s\u00e1hoz. A cookie egy kis f\u00e1jl, amely akkor ker\u00fcl a\nFelhaszn\u00e1l\u00f3 sz\u00e1m\u00edt\u00f3g\u00e9p\u00e9re, amikor egy webhelyet keres fel. Amikor ism\u00e9t\nfelkeresi az adott webhelyet, a cookie-nak k\u00f6sz\u00f6nhet\u0151en a webhely k\u00e9pes\nfelismerni a Felhaszn\u00e1l\u00f3 b\u00f6ng\u00e9sz\u0151j\u00e9t. A cookie-k t\u00e1rolhatnak felhaszn\u00e1l\u00f3i\nbe\u00e1ll\u00edt\u00e1sokat \u00e9s egy\u00e9b inform\u00e1ci\u00f3kat is. M\u00e1s platformokon \u2013 ahol a cookie-k nem\n\u00e9rhet\u0151k el vagy nem haszn\u00e1lhat\u00f3k \u2013 egy\u00e9b technol\u00f3gi\u00e1kat is haszn\u00e1lnak, amelyeknek\na c\u00e9lja hasonl\u00edt a cookie-k\u00e9hoz: ilyen p\u00e9ld\u00e1ul a hirdet\u00e9sazonos\u00edt\u00f3, k\u00e9ppont\nvagy pixel. Be\u00e1ll\u00edthatja b\u00f6ng\u00e9sz\u0151je be\u00e1ll\u00edt\u00e1sait, hogy az utas\u00edtsa el az \u00f6sszes\ncookie-t, vagy hogy jelezze, ha a rendszer \u00e9ppen egy cookie-t k\u00fcld. Azonban\nlehet, hogy bizonyos webhelyfunkci\u00f3k vagy szolg\u00e1ltat\u00e1sok nem fognak megfelel\u0151en\nm\u0171k\u00f6dni cookie-k n\u00e9lk\u00fcl.<o:p><\/o:p><\/p><p>\n\n<\/p><p class=\"MsoNormal\">Az autoposzt.hu weboldalon a Google Analytics \u00e1ltal haszn\u00e1lt\ncookie-k (s\u00fctik) m\u0171k\u00f6dnek, melyek m\u0171k\u00f6d\u00e9s\u00e9re a Google adatv\u00e9delmi ir\u00e1nyelvei\nvonatkoznak (https:\/\/support.google.com\/analytics\/answer\/6004245?hl=hu), tervezett:\na Facebbok hirdet\u00e9sazonos\u00edt\u00f3j\u00e1t (k\u00e9ppontot) haszn\u00e1ljuk\n(https:\/\/www.facebook.com\/policies\/cookies\/).<o:p><\/o:p><\/p>\n\n\n\n\n<h4 style=\"color: rgb(115, 115, 115);\">2. Email c\u00edmek marketing c\u00e9l\u00fa felhaszn\u00e1l\u00e1sa<\/h4>\n\n\n\n\n<span style=\"color:#737373;\"><p class=\"MsoNormal\">A regisztr\u00e1ci\u00f3 sor\u00e1n megadott email c\u00edmre rekl\u00e1mot\ntartalmaz\u00f3 levelet az Adatkezel\u0151 kiz\u00e1r\u00f3lag abban az esetben k\u00fcld, amennyiben\nahhoz a Felhaszn\u00e1l\u00f3 el\u0151zetesen hozz\u00e1j\u00e1rult. A hozz\u00e1j\u00e1rul\u00f3 nyilatkozat b\u00e1rmikor\nkorl\u00e1toz\u00e1s \u00e9s indokol\u00e1s n\u00e9lk\u00fcl visszavonhat\u00f3, az email alj\u00e1n elhelyezett\nLeiratkoz\u00e1s link seg\u00edts\u00e9g\u00e9vel.<\/p><\/span>\n<span style=\"color:#737373;\"><p class=\"MsoNormal\"> <o:p><\/o:p><\/p><p>\n\n<\/p><p class=\"MsoNormal\">T\u00e1j\u00e9koztat\u00f3 rendelkez\u00e9seinek kialak\u00edt\u00e1sakor a t\u00e1rsas\u00e1g\nk\u00fcl\u00f6n\u00f6s tekintettel vette figyelembe az Eur\u00f3pai Parlament \u00e9s a Tan\u00e1cs 2016\/679\nRendelet\u00e9ben (\u201e\u00c1ltal\u00e1nos Adatv\u00e9delmi Rendelet\u201d vagy \u201eGDPR\u201d), az inform\u00e1ci\u00f3s\n\u00f6nrendelkez\u00e9si jogr\u00f3l \u00e9s az inform\u00e1ci\u00f3szabads\u00e1gr\u00f3l sz\u00f3l\u00f3 2011. \u00e9vi CXII.\nt\u00f6rv\u00e9ny (\u201eInfotv.\u201d), a Polg\u00e1ri T\u00f6rv\u00e9nyk\u00f6nyvr\u0151l sz\u00f3l\u00f3 2013. \u00e9vi V. t\u00f6rv\u00e9ny\n(\u201ePtk.\u201d), tov\u00e1bb\u00e1 a gazdas\u00e1gi rekl\u00e1mtev\u00e9kenys\u00e9g alapvet\u0151 felt\u00e9teleir\u0151l \u00e9s egyes\nkorl\u00e1tair\u00f3l sz\u00f3l\u00f3 2008. \u00e9vi XLVIII. t\u00f6rv\u00e9ny (\u201eGrtv.\u201d) rendelkez\u00e9seit.<\/p><\/span><p class=\"MsoNormal\"><o:p><\/o:p><\/p>\n\n\n","protected":false},"excerpt":{"rendered":"","protected":false},"author":2,"featured_media":0,"parent":0,"menu_order":0,"comment_status":"closed","ping_status":"closed","template":"","meta":{"pagelayer_contact_templates":[],"_pagelayer_content":"","footnotes":""},"class_list":["post-607","page","type-page","status-publish","hentry"],"_links":{"self":[{"href":"https:\/\/autoposzt.hu\/index.php?rest_route=\/wp\/v2\/pages\/607","targetHints":{"allow":["GET"]}}],"collection":[{"href":"https:\/\/autoposzt.hu\/index.php?rest_route=\/wp\/v2\/pages"}],"about":[{"href":"https:\/\/autoposzt.hu\/index.php?rest_route=\/wp\/v2\/types\/page"}],"author":[{"embeddable":true,"href":"https:\/\/autoposzt.hu\/index.php?rest_route=\/wp\/v2\/users\/2"}],"replies":[{"embeddable":true,"href":"https:\/\/autoposzt.hu\/index.php?rest_route=%2Fwp%2Fv2%2Fcomments&post=607"}],"version-history":[{"count":7,"href":"https:\/\/autoposzt.hu\/index.php?rest_route=\/wp\/v2\/pages\/607\/revisions"}],"predecessor-version":[{"id":720,"href":"https:\/\/autoposzt.hu\/index.php?rest_route=\/wp\/v2\/pages\/607\/revisions\/720"}],"wp:attachment":[{"href":"https:\/\/autoposzt.hu\/index.php?rest_route=%2Fwp%2Fv2%2Fmedia&parent=607"}],"curies":[{"name":"wp","href":"https:\/\/api.w.org\/{rel}","templated":true}]}}