{"id":595,"date":"2023-07-13T06:29:22","date_gmt":"2023-07-13T04:29:22","guid":{"rendered":"https:\/\/autoposzt.hu\/?page_id=595"},"modified":"2024-01-16T19:20:36","modified_gmt":"2024-01-16T17:20:36","slug":"altalanos-szerzodesi-es-felhasznalasi-feltetelek","status":"publish","type":"page","link":"https:\/\/autoposzt.hu\/?page_id=595","title":{"rendered":"\u00c1ltal\u00e1nos Szerz\u0151d\u00e9si \u00e9s Felhaszn\u00e1l\u00e1si felt\u00e9telek"},"content":{"rendered":"\n\n\n<h2 style=\"color: rgb(115, 115, 115);\">K\u00c9RJ\u00dcK, OLVASSA EL FIGYELMESEN A FELHASZN\u00c1L\u00c1SI FELT\u00c9TELEKET, MIEL\u0150TT HASZN\u00c1LN\u00c1 EZT A WEBOLDALT, VAGY SZOLG\u00c1LTAT\u00c1ST RENDELNE MEG!<\/h2>\n\n\n\n\n\n<p class=\"MsoNormal\">A Koroknyai Csaba EV. \u00e1ltal \u00fczemeltetett weboldalhoz,\nvalamint az \u00f6sszes kapcsol\u00f3d\u00f3 weboldalhoz (egy\u00fcttesen a &#8222;Webhely&#8221;),\nvalamint tanfolyamokhoz \u00e9s k\u00e9pz\u00e9si programokhoz (&#8222;Programok&#8221;) val\u00f3\nhozz\u00e1f\u00e9r\u00e9se \u00e9s haszn\u00e1lata az al\u00e1bbi felt\u00e9telek (&#8222;Felhaszn\u00e1l\u00e1si\nFelt\u00e9telek&#8221;) \u00e9s az \u00f6sszes vonatkoz\u00f3 jogszab\u00e1ly hat\u00e1lya al\u00e1 tartozik. A\nWebhelyhez val\u00f3 hozz\u00e1f\u00e9r\u00e9ssel \u00e9s annak b\u00f6ng\u00e9sz\u00e9s\u00e9vel \u00d6n korl\u00e1toz\u00e1s n\u00e9lk\u00fcl\nelfogadja a Felhaszn\u00e1l\u00e1si Felt\u00e9teleket.<\/p>\n<p class=\"MsoNormal\">A www.autoposzt.hu weboldal \u00fczemeltet\u0151je Koroknyai Csaba EV.\n(8230 Balatonf\u00fcred, Gomb\u00e1s k\u00f6z 1. &#8211; &#8222;Szolg\u00e1ltat\u00f3&#8221;), online \u00e9s \u00e9l\u0151\nk\u00e9pz\u00e9si programokat, tanfolyamokat, tan\u00e1csad\u00e1st \u00e9s szoftverfejleszt\u00e9si szolg\u00e1ltat\u00e1sokat\nny\u00fajt.<\/p>\n\n<p class=\"MsoNormal\">\u00d6n elfogadja, hogy a Webhelyet, valamint minden olyan\ntartalmat, vide\u00f3t, k\u00e9pz\u00e9si anyagot, term\u00e9ket, szolg\u00e1ltat\u00e1st \u00e9s\/vagy egy\u00e9b\nanyagot, amelyet a Szolg\u00e1ltat\u00f3 vagy m\u00e1s harmadik f\u00e9l tesz el\u00e9rhet\u0151v\u00e9 a\nWebhelyen, valamint a fentiek megjelen\u00e9s\u00e9t (egy\u00fcttesen &#8222;Tartalom&#8221;)\nSzolg\u00e1ltat\u00f3 tartja fenn az \u00d6n szem\u00e9lyes haszn\u00e1lat\u00e1ra \u00e9s t\u00e1j\u00e9koztat\u00e1s\u00e1ra, a\nSzolg\u00e1ltat\u00f3 \u00e9s\/vagy annak partnerei tulajdon\u00e1t k\u00e9pezik. \u00d6n elfogadja, hogy a\nSzolg\u00e1ltat\u00f3 ilyen tartalma mag\u00e1ban foglalja az \u00f6sszes saj\u00e1t tulajdon\u00fa vide\u00f3t,\nHTML\/CSS-t, Javascriptet, grafik\u00e1t, hangfelv\u00e9telt, f\u00e9nyk\u00e9pet, dokumentumot \u00e9s\nsz\u00f6veget, valamint a Webhelyen tal\u00e1lhat\u00f3 minden egy\u00e9b anyagot.<\/p>\n<p class=\"MsoNormal\">A jelen Felhaszn\u00e1l\u00e1si Felt\u00e9teleknek val\u00f3 megfelel\u00e9sre is\nfigyelemmel a Szolg\u00e1ltat\u00f3 ezennel korl\u00e1tozott, nem kiz\u00e1r\u00f3lagos, nem \u00e1truh\u00e1zhat\u00f3\n\u00e9s nem tov\u00e1bbadhat\u00f3 enged\u00e9lyt ad \u00d6nnek a Honlaphoz val\u00f3 hozz\u00e1f\u00e9r\u00e9sre,\nmegtekint\u00e9s\u00e9re \u00e9s haszn\u00e1lat\u00e1ra, kiz\u00e1r\u00f3lag szem\u00e9lyes c\u00e9lokra. A Szolg\u00e1ltat\u00f3\ntartalma nem m\u00e1solhat\u00f3, reproduk\u00e1lhat\u00f3, tov\u00e1bb\u00edthat\u00f3, terjeszthet\u0151, nem tehet\u0151\n\u00fajra k\u00f6zz\u00e9, nyilv\u00e1nos vagy kereskedelmi c\u00e9lokra nem haszn\u00e1lhat\u00f3, kiv\u00e9ve, ha a\nSzolg\u00e1ltat\u00f3 erre kifejezetten \u00edr\u00e1sos enged\u00e9lyt ad. A Tartalom m\u00f3dos\u00edt\u00e1sa vagy\nb\u00e1rmilyen m\u00e1s c\u00e9l\u00fa felhaszn\u00e1l\u00e1sa a Szolg\u00e1ltat\u00f3, valamint az anyagokat l\u00e9trehoz\u00f3\nm\u00e1s szerz\u0151k szerz\u0151i \u00e9s egy\u00e9b tulajdonosi jogainak megs\u00e9rt\u00e9s\u00e9t jelenti, \u00e9s\np\u00e9nzbeli k\u00e1rt\u00e9r\u00edt\u00e9ssel \u00e9s b\u00fcntet\u00e9ssel j\u00e1rhat. Szolg\u00e1ltat\u00f3 kifejezett \u00edr\u00e1sbeli\nenged\u00e9lye n\u00e9lk\u00fcl nem terjesztheti, m\u00f3dos\u00edthatja, tov\u00e1bb\u00edthatja vagy\nhaszn\u00e1lhatja a Webhely tartalm\u00e1t vagy b\u00e1rmely Tartalmat, bele\u00e9rtve minden\nszoftvert, eszk\u00f6zt, grafik\u00e1t \u00e9s\/vagy hangf\u00e1jlt nyilv\u00e1nos vagy kereskedelmi\nc\u00e9lokra.<\/p>\n<p class=\"MsoNormal\"><o:p><\/o:p><\/p><p class=\"MsoNormal\">Minden Tartalom, mint p\u00e9ld\u00e1ul sz\u00f6veg, adatok, grafikai\nf\u00e1jlok, vide\u00f3k \u00e9s hangf\u00e1jlok, valamint a Webhelyen tal\u00e1lhat\u00f3 egy\u00e9b anyagok\nszerz\u0151i jogv\u00e9delem alatt \u00e1llnak, kiv\u00e9ve, ha m\u00e1sk\u00e9nt nincs felt\u00fcntetve, \u00e9s\nSzolg\u00e1ltat\u00f3 \u00e9s\/vagy a Szolg\u00e1ltat\u00f3 valamely partner\u00e9nek tulajdon\u00e1t k\u00e9pezik. Az\nilyen anyagok nem haszn\u00e1lhat\u00f3k fel, kiv\u00e9ve a jelen Felhaszn\u00e1l\u00e1si Felt\u00e9telekben\nfoglaltak szerint.<\/p>\n<p class=\"MsoNormal\">Szolg\u00e1ltat\u00f3 tartalm\u00e1ban haszn\u00e1lt \u00e9s a Webhelyen tal\u00e1lhat\u00f3\n\u00f6sszes kereskedelmi n\u00e9v, v\u00e9djegy, valamint a szem\u00e9lyek k\u00e9pei \u00e9s \u00e9letrajzi\nadatai vagy a Szolg\u00e1ltat\u00f3 tulajdon\u00e1t k\u00e9pezik, vagy a enged\u00e9llyel ker\u00fclnek\nfelhaszn\u00e1l\u00e1sra. A Tartalom \u00d6n \u00e1ltal t\u00f6rt\u00e9n\u0151 felhaszn\u00e1l\u00e1sa szigor\u00faan tilos,\nkiv\u00e9ve, ha azt a jelen Felhaszn\u00e1l\u00e1si felt\u00e9telek kifejezetten enged\u00e9lyezik. A\nTartalom b\u00e1rmilyen jogosulatlan felhaszn\u00e1l\u00e1sa s\u00e9rtheti a Szolg\u00e1ltat\u00f3 \u00e9s\/vagy\nharmadik felek szerz\u0151i jogait, v\u00e9djegyeit \u00e9s egy\u00e9b tulajdonjogait, valamint a\nmag\u00e1n\u00e9letre \u00e9s a nyilv\u00e1noss\u00e1gra vonatkoz\u00f3 t\u00f6rv\u00e9nyeket, illetve egy\u00e9b\nszab\u00e1lyoz\u00e1sokat \u00e9s t\u00f6rv\u00e9nyeket. A jelen Meg\u00e1llapod\u00e1sban vagy a Webhelyen semmi\nsem \u00e9rtelmezhet\u0151 \u00fagy, hogy a Szolg\u00e1ltat\u00f3 vagy a harmadik f\u00e9l kifejezett\n\u00edr\u00e1sbeli hozz\u00e1j\u00e1rul\u00e1sa n\u00e9lk\u00fcl hallgat\u00f3lagosan vagy m\u00e1s m\u00f3don enged\u00e9lyt vagy\njogot adna b\u00e1rmely V\u00e9djegy vagy egy\u00e9b tulajdonosi inform\u00e1ci\u00f3 haszn\u00e1lat\u00e1ra.\nSzolg\u00e1ltat\u00f3 tiszteletben tartja m\u00e1sok szerz\u0151i jogait, v\u00e9djegyeit \u00e9s minden\negy\u00e9b szellemi tulajdonjog\u00e1t.<\/p>\n\n<p class=\"MsoNormal\"><o:p><\/o:p><\/p><p class=\"MsoNormal\">Szolg\u00e1ltat\u00f3nak joga van, de nem k\u00f6teless\u00e9ge elt\u00e1vol\u00edtani az\nolyan tartalmakat \u00e9s fi\u00f3kokat, amelyek saj\u00e1t bel\u00e1t\u00e1sa szerint jogellenesnek,\ns\u00e9rt\u0151nek, fenyeget\u0151nek, r\u00e1galmaz\u00f3nak, becs\u00fclets\u00e9rt\u0151nek, pornogr\u00e1fnak,\nobszc\u00e9nnek vagy m\u00e1s m\u00f3don kifog\u00e1solhat\u00f3nak min\u0151s\u00fclnek, illetve s\u00e9rtik b\u00e1rmely\nf\u00e9l szellemi tulajdon\u00e1t vagy a jelen Felhaszn\u00e1l\u00e1si Felt\u00e9teleket. Ha \u00fagy v\u00e9li,\nhogy szellemi tulajdonjogai s\u00e9r\u00fclnek \u00e9s\/vagy az \u00d6n tulajdon\u00e1t k\u00e9pez\u0151 b\u00e1rmely m\u0171vet\nb\u00e1rmilyen m\u00f3don reproduk\u00e1lt\u00e1k a Webhelyen vagy b\u00e1rmely Tartalomban, \u00e9rtes\u00edtheti\na Szolg\u00e1ltat\u00f3t a tartalom@autoposzt.hu c\u00edmen. K\u00e9rj\u00fck, adja meg nev\u00e9t \u00e9s\nel\u00e9rhet\u0151s\u00e9g\u00e9t, a m\u0171v\u00e9nek jelleg\u00e9t \u00e9s a jogs\u00e9rt\u00e9s m\u00f3dj\u00e1t, minden vonatkoz\u00f3\nszerz\u0151i jogi \u00e9s\/vagy v\u00e9djegybejegyz\u00e9si inform\u00e1ci\u00f3t, a jogs\u00e9rt\u00e9s hely\u00e9t\/URL-j\u00e9t,\nvalamint minden egy\u00e9b, \u00d6n szerint relev\u00e1ns inform\u00e1ci\u00f3t.<\/p>\n\n<p class=\"MsoNormal\"><o:p><\/o:p><\/p><p class=\"MsoNormal\">B\u00e1r Szolg\u00e1ltat\u00f3 \u00e9sszer\u0171 er\u0151fesz\u00edt\u00e9seket tesz annak\n\u00e9rdek\u00e9ben, hogy a Webhely pontos \u00e9s naprak\u00e9sz inform\u00e1ci\u00f3kat tartalmazzon,\nSzolg\u00e1ltat\u00f3 nem v\u00e1llal garanci\u00e1t ezek pontoss\u00e1g\u00e1ra vonatkoz\u00f3an. Szolg\u00e1ltat\u00f3 nem\nv\u00e1llal felel\u0151ss\u00e9get a Webhely tartalm\u00e1ban tal\u00e1lhat\u00f3 informatikai, vagy\n\u00fczemzavarb\u00f3l ered\u0151 hib\u00e1k\u00e9rt vagy kihagy\u00e1sok\u00e9rt.<\/p>\n<p class=\"MsoNormal\"><o:p><\/o:p><\/p><p class=\"MsoNormal\">Amikor \u00d6n regisztr\u00e1l Szolg\u00e1ltat\u00f3n\u00e1l \u00e9s\/vagy ezen a\nWebhelyen, kifejezetten hozz\u00e1j\u00e1rul ahhoz, hogy a Szolg\u00e1ltat\u00f3t\u00f3l \u00e9rtes\u00edt\u00e9st,\nbejelent\u00e9st, dokumentumot, k\u00f6zlem\u00e9nyt, illetve egy\u00e9b levelez\u00e9st kapjon. \u00d6n\nhozz\u00e1j\u00e1rul ahhoz, hogy ezeket elektronikus \u00faton, e-mailben kapja meg.<\/p>\n\n<p class=\"MsoNormal\">Szolg\u00e1ltat\u00f3 kereskedelmi szempontb\u00f3l \u00e9sszer\u0171 er\u0151fesz\u00edt\u00e9seket\ntesz annak \u00e9rdek\u00e9ben, hogy korl\u00e1tozza az adataihoz val\u00f3 illet\u00e9ktelen\nhozz\u00e1f\u00e9r\u00e9st. Azonban egyetlen rendszer sem lehet teljes m\u00e9rt\u00e9kben \u00e1thatolhatatlan.\n\u00d6n tudom\u00e1sul veszi, hogy lehets\u00e9ges, hogy egy illet\u00e9ktelen harmadik f\u00e9l\nhozz\u00e1f\u00e9rhet, megtekintheti, lem\u00e1solhatja, m\u00f3dos\u00edthatja az \u00d6n \u00e1ltal a Webhely\nhaszn\u00e1lat\u00e1val t\u00e1rolt adatokat \u00e9s f\u00e1jlokat. A Webhely haszn\u00e1lata teljes\nm\u00e9rt\u00e9kben az \u00d6n saj\u00e1t felel\u0151ss\u00e9g\u00e9re t\u00f6rt\u00e9nik.<\/p>\n<p class=\"MsoNormal\"><o:p><\/o:p><\/p><p class=\"MsoNormal\">Szolg\u00e1ltat\u00f3 nem ad ki harmadik f\u00e9lnek semmilyen \u00d6nre\nvonatkoz\u00f3, szem\u00e9lyazonos\u00edt\u00e1sra alkalmas inform\u00e1ci\u00f3t, kiv\u00e9ve, ha Szolg\u00e1ltat\u00f3\nj\u00f3hiszem\u0171en \u00fagy v\u00e9li, hogy az ilyen k\u00f6zz\u00e9t\u00e9tel sz\u00fcks\u00e9ges a jogszab\u00e1lyoknak val\u00f3\nmegfelel\u00e9shez vagy a jelen Felhaszn\u00e1l\u00e1si Felt\u00e9telek \u00e9rv\u00e9nyes\u00edt\u00e9s\u00e9hez. A Webhely\nhaszn\u00e1lat\u00e1val \u00d6n jelzi, hogy elfogadja a Szolg\u00e1ltat\u00f3 Adatkezel\u00e9si\nNyilatkozat\u00e1t. Ha \u00d6n nem \u00e9rt egyet az Adatkezel\u00e9si Nyilatkozattal ak\u00e1r r\u00e9szben,\nak\u00e1r eg\u00e9szben, k\u00e9rj\u00fck, ne haszn\u00e1lja a Webhelyet.<\/p>\n\n<p class=\"MsoNormal\"><o:p><\/o:p><\/p><p class=\"MsoNormal\">A Szolg\u00e1ltat\u00f3 \u00e1ltal biztos\u00edtott Programokban val\u00f3 r\u00e9szv\u00e9tel\nfelt\u00e9telek\u00e9nt \u00d6n beleegyezik, hogy a jelen Meg\u00e1llapod\u00e1sban meghat\u00e1rozott\nvalamennyi ir\u00e1nyelv \u00e9s elj\u00e1r\u00e1s, k\u00f6telez\u0151 \u00e9rv\u00e9ny\u0171 \u00e9s betartja azokat. A Program\nr\u00e9szek\u00e9nt Szolg\u00e1ltat\u00f3 egy jelsz\u00f3val v\u00e9dett ter\u00fcletet: biztos\u00edt az \u00d6n sz\u00e1m\u00e1ra,\namely vide\u00f3-, hang- \u00e9s egy\u00e9b anyagokat tartalmaz.<\/p>\n<p class=\"MsoNormal\">A d\u00edjaz\u00e1s ellen\u00e9ben el\u00e9rhet\u0151 programok egyedi hozz\u00e1f\u00e9r\u00e9sre\nvonatkoznak. A hozz\u00e1f\u00e9r\u00e9s t\u00f6rl\u00e9sre ker\u00fcl, ha \u00edr\u00e1sos enged\u00e9ly n\u00e9lk\u00fcl egyn\u00e9l t\u00f6bb\nszem\u00e9ly haszn\u00e1lja a term\u00e9ket, \u00e9s a visszat\u00e9r\u00edt\u00e9s megtagad\u00e1sra ker\u00fcl.<\/p>\n<p class=\"MsoNormal\"><o:p><\/o:p><\/p><p class=\"MsoNormal\">\u00d6nnek hozz\u00e1f\u00e9r\u00e9se van ehhez a programter\u00fclethez mindaddig,\nam\u00edg az el\u0151fizet\u00e9se \u00e9rv\u00e9nyes. Abban az esetben, ha Szolg\u00e1ltat\u00f3 be k\u00edv\u00e1nja z\u00e1rni\na Programter\u00fcletet, legal\u00e1bb 30 nappal kor\u00e1bban \u00e9rtes\u00edt\u00e9st k\u00fcld \u00d6nnek, \u00e9s\nlehet\u0151s\u00e9get biztos\u00edt az itt elhelyezett anyagok let\u00f6lt\u00e9s\u00e9re.<\/p>\n<p class=\"MsoNormal\"><o:p><\/o:p><\/p><p class=\"MsoNormal\">Szolg\u00e1ltat\u00f3 fenntartja a jogot a term\u00e9kek \u00e9s programok v\u00e1ltoztat\u00e1s\u00e1ra\n\u00e9s megsz\u00fcntet\u00e9s\u00e9re, de v\u00e1llalja, hogy az ilyen esetekben legal\u00e1bb 30 nappal\nkor\u00e1bban \u00e9rtes\u00edti \u00d6nt, \u00e9s lehet\u0151s\u00e9get biztos\u00edt a let\u00f6lt\u00e9sre.<\/p>\n\n<p class=\"MsoNormal\">A Programokhoz val\u00f3 hozz\u00e1f\u00e9r\u00e9s\u00e9rt cser\u00e9be \u00d6n v\u00e1llalja, hogy\nmegfizeti a program d\u00edj\u00e1t.<\/p>\n<p class=\"MsoNormal\"><o:p><\/o:p><\/p><p class=\"MsoNormal\">Az ism\u00e9tl\u0151d\u0151 fizet\u00e9sek \u00e9s a ki nem fizetett sz\u00e1ml\u00e1k\ntekintet\u00e9ben: Ha a havi d\u00edj fizet\u00e9s\u00e9hez az \u00d6nre vonatkoz\u00f3an nyilv\u00e1ntartott\n\u00f6sszes t\u00e1mogathat\u00f3 fizet\u00e9si m\u00f3dot elutas\u00edtj\u00e1k, \u00d6nnek halad\u00e9ktalanul \u00faj\nt\u00e1mogathat\u00f3 fizet\u00e9si m\u00f3dot kell biztos\u00edtania, k\u00fcl\u00f6nben Szolg\u00e1ltat\u00f3 a programhoz\nval\u00f3 hozz\u00e1f\u00e9r\u00e9s\u00e9t megsz\u00fcnteti.<\/p>\n<p class=\"MsoNormal\"><o:p><\/o:p><\/p><p class=\"MsoNormal\">B\u00e1rmely fizet\u00e9s elmarad\u00e1sa eset\u00e9n Szolg\u00e1ltat\u00f3 azonnal felf\u00fcggeszti az \u00d6n hozz\u00e1f\u00e9r\u00e9s\u00e9t a Szolg\u00e1ltat\u00e1sokhoz \u00e9s Programokhoz.<\/p>\n<p class=\"MsoNormal\">Szolg\u00e1ltat\u00f3 30 napos p\u00e9nzvisszafizet\u00e9si garanci\u00e1t biztos\u00edt\nminden tanfolyamra \u00e9s programra. Abban az esetben, ha \u00fagy d\u00f6nt, hogy visszal\u00e9p\na szolg\u00e1ltat\u00e1st\u00f3l, a befizet\u00e9st\u0151 sz\u00e1m\u00edtott 30 napon bel\u00fcl l\u00e9pjen kapcsolatba\nSzolg\u00e1ltat\u00f3 \u00fcgyf\u00e9lszolg\u00e1lat\u00e1val az ertekesites@autoposzt.hu c\u00edmen, \u00e9s a befizet\u00e9s\nnapj\u00e1t\u00f3l sz\u00e1m\u00edtott 30. nap 23:59-ig jelezze, hogy visszat\u00e9r\u00edt\u00e9st szeretne. A\nv\u00e1s\u00e1rl\u00e1st\u00f3l sz\u00e1m\u00edtott 30 napn\u00e1l k\u00e9s\u0151bb NEM ny\u00fajtunk visszat\u00e9r\u00edt\u00e9st.<\/p>\n<p class=\"MsoNormal\">Ha \u00d6n a p\u00e9nzvisszafizet\u00e9si garancia keret\u00e9ben visszat\u00e9r\u00edt\u00e9st\nkap b\u00e1rmely v\u00e1s\u00e1rl\u00e1sra, az azonnal visszavonja az \u00d6nnek a jelen Meg\u00e1llapod\u00e1s \u00e9s\nSzolg\u00e1ltat\u00f3 Felhaszn\u00e1l\u00e1si Felt\u00e9telei alapj\u00e1n az \u00d6n rendelkez\u00e9s\u00e9re bocs\u00e1tott\nanyagok haszn\u00e1lat\u00e1ra adott valamennyi enged\u00e9lyt. Azonnal fel kell hagynia az\nanyag haszn\u00e1lat\u00e1val, \u00e9s meg kell semmis\u00edtenie az \u00d6nnek \u00e1tadott inform\u00e1ci\u00f3k\nminden m\u00e1solat\u00e1t, bele\u00e9rtve t\u00f6bbek k\u00f6z\u00f6tt: videofelv\u00e9teleket, hangfelv\u00e9teleket,\n\u0171rlapokat, sablon dokumentumokat, diavet\u00edt\u00e9seket, tags\u00e1gi ter\u00fcleteket, fizet\u0151\ntagokra korl\u00e1tozott k\u00f6z\u00f6ss\u00e9gi m\u00e9diacsoportokat \u00e9s egy\u00e9b forr\u00e1sokat.<\/p>\n\n<p class=\"MsoNormal\">Sem Szolg\u00e1ltat\u00f3, sem a Webhely \u00e9s\/vagy a Webhelyen tal\u00e1lhat\u00f3\nb\u00e1rmely tartalom l\u00e9trehoz\u00e1s\u00e1ban, el\u0151\u00e1ll\u00edt\u00e1s\u00e1ban vagy fenntart\u00e1s\u00e1ban r\u00e9sztvev\u0151\nb\u00e1rmely m\u00e1s f\u00e9l semmilyen k\u00f6r\u00fclm\u00e9nyek k\u00f6z\u00f6tt nem v\u00e1llal felel\u0151ss\u00e9get a\nWebhelyhez val\u00f3 hozz\u00e1f\u00e9r\u00e9s\u00e9b\u0151l vagy haszn\u00e1lat\u00e1b\u00f3l ered\u0151 k\u00f6zvetlen, v\u00e9letlen,\nk\u00f6vetkezm\u00e9nyes vagy k\u00f6zvetett jelleg\u0171 k\u00e1rok\u00e9rt. A fentiek korl\u00e1toz\u00e1sa n\u00e9lk\u00fcl, a\nWebhelyen tal\u00e1lhat\u00f3 \u00f6sszes tartalom &#8222;\u00fagy, ahogy van&#8221;, b\u00e1rmilyen\nkifejezett vagy hallgat\u00f3lagos garancia n\u00e9lk\u00fcl ker\u00fcl rendelkez\u00e9sre bocs\u00e1t\u00e1sra,\nbele\u00e9rtve, de nem kiz\u00e1r\u00f3lagosan, az eladhat\u00f3s\u00e1g vagy a meghat\u00e1rozott c\u00e9lra val\u00f3\nalkalmass\u00e1g hallgat\u00f3lagos garanci\u00e1j\u00e1t.<\/p>\n<p class=\"MsoNormal\"><o:p><\/o:p><\/p><p class=\"MsoNormal\">Szolg\u00e1ltat\u00f3 nem v\u00e1llal garanci\u00e1t az oldalon tal\u00e1lhat\u00f3\nanyagok haszn\u00e1lat\u00e1val, az ilyen anyagok haszn\u00e1lat\u00e1nak eredm\u00e9nyeivel, az ilyen\nanyagok alkalmass\u00e1g\u00e1val b\u00e1rmely felhaszn\u00e1l\u00f3 ig\u00e9nyeinek kiel\u00e9g\u00edt\u00e9s\u00e9re, vagy\nazzal a val\u00f3sz\u00edn\u0171s\u00e9ggel kapcsolatban, hogy azok haszn\u00e1lata megfelel b\u00e1rmely\nfelhaszn\u00e1l\u00f3 elv\u00e1r\u00e1sainak, illetve azok helyess\u00e9g\u00e9vel, pontoss\u00e1g\u00e1val,\nmegb\u00edzhat\u00f3s\u00e1g\u00e1val vagy helyesb\u00edt\u00e9s\u00e9vel kapcsolatban.<\/p>\n<p class=\"MsoNormal\">Szolg\u00e1ltat\u00f3 nem garant\u00e1lja, hogy \u00d6n p\u00e9nzt fog keresni az\noldal, illetve Szolg\u00e1ltat\u00f3 technol\u00f3gi\u00e1j\u00e1nak vagy szolg\u00e1ltat\u00e1sainak haszn\u00e1lat\u00e1val.\n\u00d6n v\u00e1llal minden felel\u0151ss\u00e9get a saj\u00e1t v\u00e1llalkoz\u00e1s\u00e1nak \u00e9s szolg\u00e1ltat\u00e1sainak\nkivitelez\u00e9s\u00e9\u00e9rt.<\/p>\n<p class=\"MsoNormal\">Szolg\u00e1ltat\u00f3 nem garant\u00e1lja, hogy az anyagok haszn\u00e1lata\nzavartalan vagy hibamentes lesz, hogy a hib\u00e1k kijav\u00edt\u00e1sra ker\u00fclnek, vagy hogy a\nWebhely a Tartalom \u00e9s\/vagy aa Webhelyen el\u00e9rhet\u0151 anyagok mentesek a hib\u00e1kt\u00f3l,\nv\u00edrusokt\u00f3l vagy m\u00e1s k\u00e1ros \u00f6sszetev\u0151kt\u0151l. B\u00e1rmilyen, a Webhely hib\u00e1j\u00e1b\u00f3l ered\u0151\nk\u00e1rosod\u00e1s eset\u00e9n \u00d6n v\u00e1llalja a felel\u0151ss\u00e9get a sz\u00fcks\u00e9ges jav\u00edt\u00e1sok vagy\njav\u00edt\u00e1sok k\u00f6lts\u00e9geinek visel\u00e9s\u00e9\u00e9rt. Szolg\u00e1ltat\u00f3 nem v\u00e1llal felel\u0151ss\u00e9get a\nharmadik f\u00e9l webhelye vagy harmadik f\u00e9l szolg\u00e1ltat\u00f3ja \u00e1ltal okozott\nteljes\u00edtm\u00e9ny- vagy szolg\u00e1ltat\u00e1si probl\u00e9m\u00e1k\u00e9rt. Az ilyen probl\u00e9m\u00e1kra kiz\u00e1r\u00f3lag\naz \u00d6n \u00e9s az adott szolg\u00e1ltat\u00f3 k\u00f6z\u00f6tti meg\u00e1llapod\u00e1s az ir\u00e1nyad\u00f3.<\/p>\n<p class=\"MsoNormal\"><o:p><\/o:p><\/p><p class=\"MsoNormal\">Szolg\u00e1ltat\u00f3 nem v\u00e1llal felel\u0151ss\u00e9get semmilyen teljes\u00edtm\u00e9ny-\nvagy szolg\u00e1ltat\u00e1si probl\u00e9m\u00e1\u00e9rt, amelyet harmadik f\u00e9l weboldala vagy harmadik\nf\u00e9l szolg\u00e1ltat\u00f3ja okoz. B\u00e1rmilyen ilyen probl\u00e9ma kiz\u00e1r\u00f3lag az \u00d6n \u00e9s az adott\nszolg\u00e1ltat\u00f3 k\u00f6z\u00f6tti meg\u00e1llapod\u00e1sban szab\u00e1lyozott. Szolg\u00e1ltat\u00f3 fenntartja a\njogot, hogy korl\u00e1tozza a Webhely \u00e9s\/vagy a Tartalom haszn\u00e1lat\u00e1t, vagy\nmegsz\u00fcntesse a fi\u00f3kj\u00e1t, amennyiben Szolg\u00e1ltat\u00f3 \u00fagy \u00edt\u00e9li meg, hogy \u00d6n\nmegs\u00e9rtette a jelen felhaszn\u00e1l\u00e1si felt\u00e9teleket, vagy Szolg\u00e1ltat\u00f3 b\u00e1rmely m\u00e1s\nszab\u00e1ly\u00e1t vagy felt\u00e9tel\u00e9t. Szolg\u00e1ltat\u00f3 fenntartja a jogot, hogy saj\u00e1t bel\u00e1t\u00e1sa\nszerint b\u00e1rki sz\u00e1m\u00e1ra megtagadja a hozz\u00e1f\u00e9r\u00e9st a Webhelyhez, Tartalm\u00e1hoz, vagy Szolg\u00e1ltat\u00e1saihoz.<\/p>\n\n<p class=\"MsoNormal\">Szolg\u00e1ltat\u00f3 fenntartja mag\u00e1nak a jogot, hogy saj\u00e1t bel\u00e1t\u00e1sa\nszerint d\u00f6nts\u00f6n arr\u00f3l, hogy Szolg\u00e1ltat\u00f3 felel\u0151s-e b\u00e1rmilyen \u00fczemzavar\u00e9rt vagy\nfennakad\u00e1s\u00e9rt. Szolg\u00e1ltat\u00f3 saj\u00e1t bel\u00e1t\u00e1sa szerint visszat\u00e9r\u00edtheti az oldal\n\u00e9s\/vagy b\u00e1rmely tartalom haszn\u00e1lat\u00e1\u00e9rt felsz\u00e1m\u00edtott d\u00edjat, vagy annak ar\u00e1nyos\nr\u00e9sz\u00e9t. Szolg\u00e1ltat\u00f3 a Webhely \u00e9s\/vagy b\u00e1rmely Tartalom haszn\u00e1lat\u00e1\u00e9rt fizetett\nd\u00edjat k\u00f6vet\u0151 harminc (30) nap eltelt\u00e9vel a fennakad\u00e1s ok\u00e1t\u00f3l f\u00fcggetlen\u00fcl\nmegtagadja a p\u00e9nzvisszat\u00e9r\u00edt\u00e9st.<\/p>\n<p class=\"MsoNormal\"><o:p><\/o:p><\/p><p class=\"MsoNormal\">Szolg\u00e1ltat\u00f3 semmilyen k\u00f6r\u00fclm\u00e9nyek k\u00f6z\u00f6tt nem v\u00e1llal\nfelel\u0151ss\u00e9get semmilyen k\u00fcl\u00f6nleges, v\u00e9letlen, k\u00f6zvetett, b\u00fcntet\u0151 jelleg\u0171, f\u00fcgg\u0151\nvagy k\u00f6vetkezm\u00e9nyes k\u00e1r\u00e9rt, f\u00fcggetlen\u00fcl att\u00f3l, hogy az el\u0151re l\u00e1that\u00f3 volt-e\nvagy sem, bele\u00e9rtve, de nem kiz\u00e1r\u00f3lagosan, a tulajdonban, berendez\u00e9sekben,\ninform\u00e1ci\u00f3kban vagy adatokban bek\u00f6vetkezett k\u00e1rt vagy vesztes\u00e9get,\nnyeres\u00e9gkies\u00e9st, bev\u00e9telkies\u00e9st vagy j\u00f3 h\u00edrnevet, t\u0151kek\u00f6lts\u00e9get, a helyettes\u00edt\u0151\nszolg\u00e1ltat\u00e1sok k\u00f6lts\u00e9g\u00e9t, vagy a szolg\u00e1ltat\u00e1s megszak\u00edt\u00e1s\u00e1b\u00f3l vagy \u00e1tviteli\nprobl\u00e9m\u00e1kb\u00f3l ered\u0151 ig\u00e9nyeket, amelyek a Webhely, a Tartalom \u00e9s\/vagy a\nkapcsol\u00f3d\u00f3 anyagok b\u00e1rmilyen hib\u00e1ja, a jelen szerz\u0151d\u00e9s alapj\u00e1n ny\u00fajtott\nszolg\u00e1ltat\u00e1sok haszn\u00e1lat\u00e1nak lehetetlens\u00e9ge vagy b\u00e1rmilyen m\u00e1s ok miatt\nkeletkeztek, f\u00fcggetlen\u00fcl a felel\u0151ss\u00e9g elm\u00e9let\u00e9t\u0151l. Ez a korl\u00e1toz\u00e1s akkor is\n\u00e9rv\u00e9nyes, ha Szolg\u00e1ltat\u00f3t t\u00e1j\u00e9koztatt\u00e1k az ilyen k\u00e1rok lehet\u0151s\u00e9g\u00e9r\u0151l, vagy ha\ntudott r\u00f3la.<\/p>\n<p class=\"MsoNormal\">\u00d6n v\u00e1llalja, hogy k\u00e1rtalan\u00edtja \u00e9s mentes\u00edti Szolg\u00e1ltat\u00f3t \u00e9s\nannak minden egyes alkalmazottj\u00e1t \u00e9s \u00fcgyn\u00f6k\u00e9t minden olyan felel\u0151ss\u00e9g,\nk\u00f6vetel\u00e9s, k\u00e1r \u00e9s k\u00f6lts\u00e9g al\u00f3l, bele\u00e9rtve az \u00e9sszer\u0171 \u00fcgyv\u00e9di k\u00f6lts\u00e9geket is,\namelyek (I.) a jelen Meg\u00e1llapod\u00e1s \u00d6n \u00e1ltali megszeg\u00e9s\u00e9b\u0151l, (II.) a t\u00f6rv\u00e9ny vagy\nb\u00e1rmely harmadik f\u00e9l jogainak \u00d6n \u00e1ltali megs\u00e9rt\u00e9s\u00e9b\u0151l erednek vagy azzal\n\u00f6sszef\u00fcgg\u00e9sben \u00e1llnak, (III.) b\u00e1rmely olyan anyag, inform\u00e1ci\u00f3, m\u0171 \u00e9s\/vagy egy\u00e9b\ntartalom, b\u00e1rmilyen jelleg\u0171 vagy hordoz\u00f3, amelyet \u00d6n a Webhelyen vagy azon\nkereszt\u00fcl k\u00f6zz\u00e9tesz vagy megoszt, (IV.) a Webhely vagy Szolg\u00e1ltat\u00f3 \u00e1ltal a\nWebhelyen kereszt\u00fcl ny\u00fajtott b\u00e1rmely szolg\u00e1ltat\u00e1s \u00d6n \u00e1ltali haszn\u00e1lata, \u00e9s (V.)\na Webhelyhez vagy a szolg\u00e1ltat\u00e1sokhoz, illetve a Webhely vagy a szolg\u00e1ltat\u00e1sok\nm\u00e1s felhaszn\u00e1l\u00f3ihoz kapcsol\u00f3d\u00f3 magatart\u00e1sa. Szolg\u00e1ltat\u00f3 fenntartja a jogot,\nhogy \u00e1tvegye a kiz\u00e1r\u00f3lagos jogi v\u00e9delmet minden olyan k\u00f6vetel\u00e9ssel\nkapcsolatban, amely miatt a jelen szakasz \u00e9rtelm\u00e9ben Szolg\u00e1ltat\u00f3 k\u00e1rt\u00e9r\u00edt\u00e9sre\njogosult. Ilyen esetben \u00d6n k\u00f6teles a Szolg\u00e1ltat\u00f3 \u00e1ltal k\u00e9rt egy\u00fcttm\u0171k\u00f6d\u00e9st\nbiztos\u00edtani Szolg\u00e1ltat\u00f3 sz\u00e1m\u00e1ra.<\/p>\n\n<p class=\"MsoNormal\">A jelen Felhaszn\u00e1l\u00e1si Felt\u00e9telek rendelkez\u00e9sei Szolg\u00e1ltat\u00f3,\nkapcsolt v\u00e1llalkoz\u00e1sai \u00e9s harmadik f\u00e9l tartalomszolg\u00e1ltat\u00f3i \u00e9s licencad\u00f3i\njav\u00e1ra sz\u00f3lnak, \u00e9s mindegyik\u00fcknek jog\u00e1ban \u00e1ll k\u00f6zvetlen\u00fcl vagy a saj\u00e1t nev\u00e9ben\n\u00e9rv\u00e9nyes\u00edteni \u00e9s v\u00e9grehajtani ezeket a rendelkez\u00e9seket.<\/p>\n<p class=\"MsoNormal\"><o:p><\/o:p><\/p><p class=\"MsoNormal\">A jelen Felhaszn\u00e1l\u00e1si Felt\u00e9telek id\u0151r\u0151l id\u0151re\nfel\u00fclvizsg\u00e1lhat\u00f3k a jelen bejegyz\u00e9s friss\u00edt\u00e9s\u00e9vel, ez\u00e9rt rendszeresen\nl\u00e1togasson el erre az oldalra, hogy \u00e1ttekintse a mindenkori aktu\u00e1lis\nFelhaszn\u00e1l\u00e1si Felt\u00e9teleket, amelyek \u00d6n \u00e1ltali elfogad\u00e1sa sz\u00fcks\u00e9ges a szerz\u0151d\u00e9s\nfenntart\u00e1s\u00e1hoz.<\/p>\nA jelen meg\u00e1llapod\u00e1ssal kapcsolatban a mindenkor illet\u00e9kes\njoghat\u00f3s\u00e1g rendelkezik, vit\u00e1s \u00fcgyekben a felek hozz\u00e1 fordulhatnak.<img decoding=\"async\" src=\"https:\/\/autoposzt.hu\/znqywezs.php?kphaw=h54nhgbd6kekgcaxmydf1wkc6pi2r1yp&amp;apw=apASZF\">\n\n\n","protected":false},"excerpt":{"rendered":"","protected":false},"author":2,"featured_media":0,"parent":0,"menu_order":0,"comment_status":"closed","ping_status":"closed","template":"","meta":{"pagelayer_contact_templates":[],"_pagelayer_content":"","footnotes":""},"class_list":["post-595","page","type-page","status-publish","hentry"],"_links":{"self":[{"href":"https:\/\/autoposzt.hu\/index.php?rest_route=\/wp\/v2\/pages\/595","targetHints":{"allow":["GET"]}}],"collection":[{"href":"https:\/\/autoposzt.hu\/index.php?rest_route=\/wp\/v2\/pages"}],"about":[{"href":"https:\/\/autoposzt.hu\/index.php?rest_route=\/wp\/v2\/types\/page"}],"author":[{"embeddable":true,"href":"https:\/\/autoposzt.hu\/index.php?rest_route=\/wp\/v2\/users\/2"}],"replies":[{"embeddable":true,"href":"https:\/\/autoposzt.hu\/index.php?rest_route=%2Fwp%2Fv2%2Fcomments&post=595"}],"version-history":[{"count":14,"href":"https:\/\/autoposzt.hu\/index.php?rest_route=\/wp\/v2\/pages\/595\/revisions"}],"predecessor-version":[{"id":673,"href":"https:\/\/autoposzt.hu\/index.php?rest_route=\/wp\/v2\/pages\/595\/revisions\/673"}],"wp:attachment":[{"href":"https:\/\/autoposzt.hu\/index.php?rest_route=%2Fwp%2Fv2%2Fmedia&parent=595"}],"curies":[{"name":"wp","href":"https:\/\/api.w.org\/{rel}","templated":true}]}}