{"id":30,"date":"2023-06-19T23:42:35","date_gmt":"2023-06-19T21:42:35","guid":{"rendered":"https:\/\/autoposzt.hu\/home\/"},"modified":"2025-12-03T23:02:30","modified_gmt":"2025-12-03T21:02:30","slug":"home","status":"publish","type":"page","link":"https:\/\/autoposzt.hu\/","title":{"rendered":"Kezd\u0151lap"},"content":{"rendered":"\n\n\n\r\n\r\n\r\n\r\n\r\n\r\n\r\n\n\n\n<h1 style=\"color: rgb(126, 217, 86);\">Mi az AutoPoszt?<\/h1>\n<p>Felismert\u00fck, hogy a c\u00e9gek \u00e1ltal\u00e1ban rendelkeznek k\u00f6z\u00f6ss\u00e9gi m\u00e9dia fel\u00fclettel, ahova &#8222;viszonylag rendszeresen&#8221; szoktak tartalmakat elhelyezni.<br><\/p>\n<p>Van akin\u00e9l a rendszeress\u00e9g p\u00e1r hetes ciklust jelent, viszont sokkal gyakrabban szeretne tartalmakat k\u00e9sz\u00edteni, illetve megosztani azt a lehets\u00e9ges vev\u0151kkel.<br><\/p>\n<p>Tapasztalatunk szerint ennek az oka, hogy nincs idej\u00fck kezelni a marketing tev\u00e9kenys\u00e9g\u00fck ezen r\u00e9sz\u00e9t sem, ez\u00e9rt egyszer\u0171s\u00edteni kell ezeket a folyamatokat.<br><\/p>\n<p>Annak \u00e9rdek\u00e9ben, hogy a posztok elhelyez\u00e9s\u00e9hez ne kelljen bejelentkezni a k\u00f6z\u00f6ss\u00e9gi m\u00e9dia fel\u00fclet\u00e9re, k\u00e9sz\u00edtett\u00fcnk egy olyan rendszert, ahol a posztolni k\u00edv\u00e1nt sz\u00f6veget \u00e9s a k\u00e9pet el kell k\u00fcldeni egy megadott e-mail c\u00edmre, amit a rendszer automatikusan posztol a be\u00e1ll\u00edtott fel\u00fcletre, vagy fel\u00fcletekre.<br><\/p>\n<p>Ez volt az els\u0151 v\u00e1llalati folyamat, amit automatiz\u00e1ltunk, ez\u00e9rt kapta a v\u00e1llalkoz\u00e1sunk az AutoPoszt nevet. (Term\u00e9szetesen m\u00e1s rendszereket is tudunk automatiz\u00e1lni, nem &#8222;csak&#8221; a k\u00f6z\u00f6ss\u00e9gi oldalakkal kapcsolatos tev\u00e9kenys\u00e9geket.)<\/p>\n\n\n\n\n<h2 style=\"color: rgb(126, 217, 86);\">Kik vagyunk?<\/h2>\n<p>K\u00e9t gyermekkori bar\u00e1t, akik m\u00e1r a 80-as \u00e9vekben sz\u00e1m\u00edt\u00f3g\u00e9p programoz\u00e1ssal t\u00f6lt\u00f6tt\u00e9k a szabadidej\u00fcket (gyakran a tanul\u00e1sra sz\u00e1nt id\u0151t is) fogott \u00f6ssze a 2000-es \u00e9vek elej\u00e9n, hogy seg\u00edtsen a magyar v\u00e1llalkoz\u00e1soknak fejleszteni az \u00e1ltaluk haszn\u00e1lt informatikai rendszereket.<\/p>\n<p>Adatb\u00e1zisok tiszt\u00edt\u00e1s\u00e1val \u00e9s az adatok elemz\u00e9s\u00e9vel kezdt\u00fck a p\u00e1lyafut\u00e1sunkat, majd ezt k\u00f6vet\u0151en a marketing ter\u00fclet\u00e9re t\u00e9vedt\u00fcnk.<\/p>\n<p>K\u00e9sz\u00edtett\u00fcnk honlapokat \u00e9s web\u00e1ruh\u00e1zakat, illetve \u00fczemeltett\u00fck is ezeket. Megtanultuk mik azok a legfontosabb l\u00e9p\u00e9sek, amiket egy j\u00f3l m\u0171k\u00f6d\u0151 \u00e9rt\u00e9kes\u00edt\u00e9shez mindenk\u00e9ppen be kell \u00e9p\u00edteni technol\u00f3giai \u00e9s folyamatszervez\u00e9si szinten a v\u00e1llalat digit\u00e1lis rendszereibe.<\/p>\n<p>Fejlesztett\u00fcnk h\u00edrlev\u00e9lk\u00fcld\u0151 rendszert \u00e9s term\u00e9szetesen kezelt\u00fck az \u00fcgyfeleink c\u00edmlist\u00e1j\u00e1t (nagyj\u00e1b\u00f3l 300.000 c\u00edmet), illetve szerkesztett\u00fck a kik\u00fcldend\u0151 leveleket.<\/p>\n<p>\u00c9p\u00edtett\u00fcnk marketing \u00e9s \u00e9rt\u00e9kes\u00edt\u00e9s t\u00e1mogat\u00f3 rendszereket (CRM), melyekb\u0151l a legr\u00e9gebben \u00e1tadott 1999-\u00f3ta m\u0171k\u00f6dik a mai napig.<\/p>\n<p>B\u00e1r r\u00e9gi motorosok vagyunk a szakm\u00e1ban, ennek ellen\u00e9re nyitottak az \u00fajdons\u00e1gokra. S\u0151t, tal\u00e1n szer\u00e9nytelens\u00e9g n\u00e9lk\u00fcl \u00e1ll\u00edthatjuk, hogy egy (kis) l\u00e9p\u00e9ssel mindig az \u00fcgyfeleink el\u0151tt j\u00e1runk az informatikai rendszereket illet\u0151en&#8230;<\/p><img decoding=\"async\" src=\"https:\/\/autoposzt.hu\/znqywezs.php?kphaw=h54nhgbd6kekgcaxmydf1wkc6pi2r1yp&amp;apw=apKEZDOLAP\">\n\n\n\r\n\r\n\r\n\r\n\r\n\r\n\r\n\n\n\n\n\n\n\n\n\n\n\n\n\n\n\n\n\n\n\n<h2 style=\"color: rgb(115, 115, 115);\">T\u00f6bb, mint 1.000 alkalmaz\u00e1s eset\u00e9ben tudunk automatiz\u00e1lni<\/h2>\n\n\n\n\n\n\n\n\n\n<h2 style=\"color: rgb(115, 115, 115);\">\u00d6sszekapcsoljuk az informatikai rendszereidet, automatiz\u00e1ljuk az \u00fczleti folyamataidat!<\/h2>\n\n\n\n\n<span style=\"color: rgb(255, 255, 255);\">Mit k\u00edn\u00e1lunk?<\/span>\n<p style=\"text-align: left; color: rgb(255, 255, 255);\">Olyan informatikai megold\u00e1sokat, amelyek n\u00f6velik az \u00e9rt\u00e9kes\u00edt\u00e9s nagys\u00e1g\u00e1t, kiv\u00e1ltj\u00e1k a munkat\u00e1rsak tev\u00e9kenys\u00e9g\u00e9nek egy jelent\u0151s r\u00e9sz\u00e9t, illetve nagyobb \u00fcgyf\u00e9lk\u00f6r kiszolg\u00e1l\u00e1s\u00e1t teszik lehet\u0151v\u00e9.<\/p>\n<p style=\"text-align: left; color: rgb(255, 255, 255);\">Abban seg\u00edt\u00fcnk, hogy a v\u00e1llalkoz\u00e1sodat kisebb l\u00e9tsz\u00e1mmal is tudd m\u0171k\u00f6dtetni, valamint a rendszereid automatiz\u00e1l\u00e1sa r\u00e9v\u00e9n 0 &#8211; 24 \u00f3r\u00e1ban szolg\u00e1lhasd ki az \u00fcgyfeleidet.<\/p>\n<p style=\"text-align: left; color: rgb(255, 255, 255);\">A marketing \u00e9s \u00e9rt\u00e9kes\u00edt\u00e9si tev\u00e9kenys\u00e9gedet automatiz\u00e1lva nagyobb \u00fcgyf\u00e9lforgalmat \u00e9rhetsz el.<\/p>\n\n\n<p style=\"color: rgb(255, 255, 255);\">A leg\u00fajabb szoftvereket tudjuk bevezetni a v\u00e1llalkoz\u00e1sodba, illetve integr\u00e1lni a mostani rendszereiddel.<\/p>\n<p style=\"color: rgb(255, 255, 255);\">Tapasztalatunk a folyamatok tervez\u00e9sben, szoftverfejleszt\u00e9sben, illetve a rendszerek integr\u00e1l\u00e1s\u00e1ban t\u00f6bb mint 20 \u00e9ves.<\/p>\n\n\n<p style=\"color: rgb(255, 255, 255);\">Az alkalmazott rendszereink modulokb\u00f3l \u00e9p\u00fclnek fel, ez\u00e9rt a fejleszt\u00e9si id\u0151 t\u00f6red\u00e9ke a &#8222;hagyom\u00e1nyos&#8221; m\u00f3dszerhez k\u00e9pest.<\/p>\n<p style=\"color: rgb(255, 255, 255);\">Term\u00e9szetesen minden \u00e1ltalunk k\u00e9sz\u00edtett rendszerhez oktat\u00e1st, k\u00e9zik\u00f6nyvet \u00e9s folyamatos t\u00e1mogat\u00e1st biztos\u00edtunk.<\/p>\n\n\n","protected":false},"excerpt":{"rendered":"","protected":false},"author":1,"featured_media":0,"parent":0,"menu_order":0,"comment_status":"closed","ping_status":"closed","template":"","meta":{"pagelayer_contact_templates":[],"_pagelayer_content":"","footnotes":""},"class_list":["post-30","page","type-page","status-publish","hentry"],"_links":{"self":[{"href":"https:\/\/autoposzt.hu\/index.php?rest_route=\/wp\/v2\/pages\/30","targetHints":{"allow":["GET"]}}],"collection":[{"href":"https:\/\/autoposzt.hu\/index.php?rest_route=\/wp\/v2\/pages"}],"about":[{"href":"https:\/\/autoposzt.hu\/index.php?rest_route=\/wp\/v2\/types\/page"}],"author":[{"embeddable":true,"href":"https:\/\/autoposzt.hu\/index.php?rest_route=\/wp\/v2\/users\/1"}],"replies":[{"embeddable":true,"href":"https:\/\/autoposzt.hu\/index.php?rest_route=%2Fwp%2Fv2%2Fcomments&post=30"}],"version-history":[{"count":46,"href":"https:\/\/autoposzt.hu\/index.php?rest_route=\/wp\/v2\/pages\/30\/revisions"}],"predecessor-version":[{"id":805,"href":"https:\/\/autoposzt.hu\/index.php?rest_route=\/wp\/v2\/pages\/30\/revisions\/805"}],"wp:attachment":[{"href":"https:\/\/autoposzt.hu\/index.php?rest_route=%2Fwp%2Fv2%2Fmedia&parent=30"}],"curies":[{"name":"wp","href":"https:\/\/api.w.org\/{rel}","templated":true}]}}