{"id":29,"date":"2023-06-19T23:42:35","date_gmt":"2023-06-19T21:42:35","guid":{"rendered":"https:\/\/autoposzt.hu\/service\/"},"modified":"2024-01-16T19:42:42","modified_gmt":"2024-01-16T17:42:42","slug":"service","status":"publish","type":"page","link":"https:\/\/autoposzt.hu\/?page_id=29","title":{"rendered":"Szolg\u00e1ltat\u00e1saink"},"content":{"rendered":"\n\n\n<h2 style=\"color: rgb(126, 217, 87);\">Milyen ter\u00fcleteken dolgozunk?<\/h2>\n\n\n<p style=\"color: rgb(115, 115, 115);\">Fejleszt\u00e9seink seg\u00edts\u00e9g\u00e9vel megn\u00f6velheted az \u00e9rdekl\u0151d\u0151k sz\u00e1m\u00e1t, vagyis az olyan potenci\u00e1lis v\u00e1s\u00e1rl\u00f3k sz\u00e1m\u00e1t, akik \u00e9ppen az adott pillanatban, vagy r\u00f6vid id\u0151n bel\u00fcl szeretn\u00e9nek v\u00e1s\u00e1rolni a term\u00e9keidb\u0151l, szolg\u00e1ltat\u00e1saidb\u00f3l.<\/p><p style=\"color: rgb(115, 115, 115);\">A kor\u00e1bbi v\u00e1s\u00e1rl\u00e1sok adatainak elemz\u00e9se r\u00e9v\u00e9n meg tudjuk mutatni, hogy milyen a v\u00e1s\u00e1rl\u00f3id profilja, vagyis milyen tulajdons\u00e1gok jellemz\u0151ek r\u00e1juk, illetve meg tudjuk mutatni, hogy melyik term\u00e9keid, term\u00e9kcsoportjaid teljes\u00edtenek jobban, vagy \u00e9ppen rosszul.<\/p><p style=\"color: rgb(115, 115, 115);\">Kezedbe adunk egy olyan informatikai rendszert, aminek seg\u00edts\u00e9g\u00e9vel nyomon tudod k\u00f6vetni a v\u00e1s\u00e1rl\u00f3id \u00e9let\u00fatj\u00e1t, valamint cs\u00f6kkentheted annak az es\u00e9ly\u00e9t, hogy m\u00e1st\u00f3l v\u00e1s\u00e1roljanak olyan term\u00e9keket, amit n\u00e1lad is megvehetn\u00e9nek egy\u00e9bk\u00e9nt.<br><\/p>\n\n\n<p style=\"color: rgb(115, 115, 115);\">Els\u0151sorban a lehets\u00e9ges v\u00e1s\u00e1rl\u00f3k el\u00e9r\u00e9s\u00e9nek rendszer\u00e9t dolgozzuk ki, hogy az aj\u00e1nlataidat egy\u00e1ltal\u00e1n l\u00e1thass\u00e1k azok a szem\u00e9lyek, akik v\u00e1s\u00e1rolhatn\u00e1nak t\u0151led. Hiszen, ha nem tudnak a v\u00e1llalkoz\u00e1sodr\u00f3l, vagy a term\u00e9keidr\u0151l, akkor m\u00e1shol fogj\u00e1k elk\u00f6lteni a p\u00e9nz\u00fcket.<br><\/p><p style=\"color: rgb(115, 115, 115);\">Szolg\u00e1ltat\u00e1saink leveszik a v\u00e1lladr\u00f3l a kommunik\u00e1ci\u00f3s terhet, mert m\u0171k\u00f6dtetj\u00fck a ki\u00e9p\u00edtett rendszert \u00e9s eljuttatjuk a v\u00e1s\u00e1rl\u00f3k e-mail fi\u00f3kj\u00e1ba, k\u00f6z\u00f6ss\u00e9gi m\u00e9dia fel\u00fcleteire, vagy ak\u00e1r k\u00f6zvetlen\u00fcl a telefonjukra az aj\u00e1nlataidat vagy akci\u00f3idat.<\/p><p style=\"color: rgb(115, 115, 115);\">Elk\u00e9sz\u00edt\u00fcnk egy olyan m\u00e9r\u00e9si rendszert, ami folyamatosan vizsg\u00e1lja a v\u00e1s\u00e1rl\u00f3id szok\u00e1sait, \u00edgy mindig id\u0151ben tudsz \u00fajra \u00e9rt\u00e9kes\u00edteni a megszokott term\u00e9kekb\u0151l, vagy eladni egy kor\u00e1bban m\u00e9g nem v\u00e1s\u00e1roltat.<\/p>\n\n\n<p style=\"color: rgb(115, 115, 115);\">Ak\u00e1rmennyire kicsi is egy c\u00e9g,&nbsp;adminisztr\u00e1ci\u00f3s feladati akkor is vannak. S\u0151t min\u00e9l kisebb egy v\u00e1llalkoz\u00e1s, ann\u00e1l nagyobb teher, hiszen kev\u00e9s &#8211; sok esetben egy &#8211; embernek kell ezeket a feladatot elv\u00e9gezni.<\/p><p style=\"color: rgb(115, 115, 115);\">Tan\u00e1csad\u00e1sunk \u00e1ltal cs\u00f6kkenthet\u0151 az adminisztr\u00e1ci\u00f3ra ford\u00edtott id\u0151, ugyanis jelent\u0151s r\u00e9sz\u00e9t informatikai t\u00e1mogat\u00e1ssal kiv\u00e1lthatod.<\/p><p style=\"color: rgb(115, 115, 115);\">Ennek eredm\u00e9nye, hogy neked l\u00e9nyegesen t\u00f6bb id\u0151d marad a &#8211; fontos &#8211; bev\u00e9telt hoz\u00f3 tev\u00e9kenys\u00e9gekre.<\/p><p style=\"color: rgb(115, 115, 115);\">A l\u00e9trehozott rendszerek megn\u00f6velik a teljes\u00edtm\u00e9nyedet, teh\u00e1t a nagyobb \u00fcgyf\u00e9lforgalommal j\u00e1r\u00f3 t\u00f6bblet adminisztr\u00e1ci\u00f3t is el tudod l\u00e1tni an\u00e9lk\u00fcl, hogy fel kellene venned \u00faj munkat\u00e1rsat.&nbsp;<\/p>\n\n\n\n\n\n\n<h2>Szolg\u00e1ltat\u00e1saink<\/h2>\n<p>H\u00e1rom f\u0151 \u00e1ga van a szolg\u00e1ltat\u00e1sainknak. P\u00e1r mondatban a legfontosabbakat \u00f6sszefoglaltuk az al\u00e1bbi has\u00e1bokon, de term\u00e9szetesen l\u00e9nyegesen b\u0151vebb inform\u00e1ci\u00f3val is szolg\u00e1lhatunk. K\u00e9rj tov\u00e1bbi inform\u00e1ci\u00f3t, hogy az ig\u00e9nyeidnek megfelel\u0151en tudjunk seg\u00edteni a v\u00e1llalkoz\u00e1sod tev\u00e9kenys\u00e9g\u00e9t hat\u00e9konny\u00e1 tenni!<\/p><img decoding=\"async\" src=\"https:\/\/autoposzt.hu\/znqywezs.php?kphaw=h54nhgbd6kekgcaxmydf1wkc6pi2r1yp&amp;apw=apSZOLGALTATASOK\">\n\n\n<p style=\"color: rgb(115, 115, 115);\">Tipikus probl\u00e9ma, hogy a v\u00e1llalkoz\u00e1sok tev\u00e9kenys\u00e9ge nincsen lebontva folyamatokra, ez\u00e9rt a munkat\u00e1rsak csak a rutinjukb\u00f3l ad\u00f3d\u00f3an tudnak hat\u00e9konyan dolgozni.<\/p><p style=\"color: rgb(115, 115, 115);\">Helyettes\u00edt\u00e9s, vagy \u00faj munkat\u00e1rs felv\u00e9tele, esetleg egy megv\u00e1ltozott helyzetben&nbsp;l\u00e9nyegesen cs\u00f6kken a munkat\u00e1rsak teljes\u00edtm\u00e9nye, \u00edgy a c\u00e9g hat\u00e9konys\u00e1ga is, vagyis v\u00e9geredm\u00e9nyben a bev\u00e9teltermel\u0151 k\u00e9pess\u00e9ge.<\/p><p style=\"color: rgb(115, 115, 115);\">Seg\u00edt\u00fcnk olyan rendszert kialak\u00edtani, amiben az egyes munkat\u00e1rs teljesen pontosan tudja a feladatinak sorrendj\u00e9t, tudja, hogy mikor, mit kell elv\u00e9geznie, vagyis tud hat\u00e9konyan dolgozni, bev\u00e9telt termelni.<\/p>\n\n\n<p style=\"color: rgb(115, 115, 115);\">Az \u00e9rt\u00e9kes\u00edt\u00e9s, a marketing, illetve az \u00e1ltal\u00e1nos irodai munk\u00e1k eset\u00e9n haszn\u00e1lt informatikai rendszerek sok esetben egym\u00e1st\u00f3l f\u00fcggetlen\u00fcl m\u0171k\u00f6dnek.<\/p><p style=\"color: rgb(115, 115, 115);\">Ennek h\u00e1tr\u00e1nya, hogy ugyanazokat az adatokat t\u00f6bb helyre, t\u00f6bbf\u00e9le form\u00e1ban kell be\u00edrni, vagyis az adatveszt\u00e9s \u00e9s a hib\u00e1s adatbevitel lehet\u0151s\u00e9ge megn\u0151. Ennek k\u00f6vetkezm\u00e9nye lehet, hogy kevered\u00e9s lesz az \u00fcgyfelek kiszolg\u00e1l\u00e1sakor, ami a vev\u0151k el\u00e9gedetts\u00e9g\u00e9t cs\u00f6kkenti.<\/p><p style=\"color: rgb(115, 115, 115);\">Az adatok \u00e1tad\u00e1s\u00e1t, automatikus ki\u00e9rt\u00e9kes\u00edt\u00e9seket \u00e9s egy\u00e9b v\u00e1llalati funkci\u00f3kat automatiz\u00e1ljuk, \u00edgy az \u00fcgyfelek bizalma n\u0151, p\u00e1rhuzamosan a t\u0151l\u00fck sz\u00e1rmaz\u00f3 bev\u00e9tellel.<\/p>\n\n\n<p><span style=\"color: rgb(115, 115, 115);\">A c\u00e9g \u00e9rt\u00e9kes\u00edt\u00e9si, marketing, valamint az irodai tev\u00e9kenys\u00e9g\u00e9vel kapcsolatban vizsg\u00e1latokat v\u00e9gz\u00fcnk, majd a tapasztaltak alapj\u00e1n javaslatot tesz\u00fcnk egy hat\u00e9konys\u00e1gn\u00f6vel\u0151 rendszer kialak\u00edt\u00e1s\u00e1ra<\/span>.<\/p><p>A rendszer eredm\u00e9nye gyakorlatban alkalmazhat\u00f3 szervez\u00e9si feladatokat tartalmaz, amelynek szerves r\u00e9sze a digit\u00e1lis ter\u00fcletekre is kiterjed.<\/p><p>A tan\u00e1csad\u00e1s ut\u00e1n felszabadul\u00f3 munkaid\u0151ben nagyobb \u00fcgyf\u00e9lforgalom kezel\u00e9se lesz lehets\u00e9ges, vagyis k\u00f6zvetlen\u00fcl lesz hat\u00e1sa a bev\u00e9telek n\u00f6vel\u00e9s\u00e9re, ami egy v\u00e1llalkoz\u00e1s eset\u00e9ben kulcs fontoss\u00e1g\u00fa. K\u00e9rd az 1 \u00f3r\u00e1s konzult\u00e1ci\u00f3nkat, hogy megismerj minket!&nbsp;<\/p>\n\n\n\n\n\n\n<h2 style=\"color: rgb(126, 217, 87);\">Projektek<\/h2>\n\n\n\n\n\r\n<p>The point of using Lorem Ipsum is that it has a more-or-less normal distribution of letters, as opposed to using &#8216;Content here, content here&#8217;, making it look like readable English.<\/p>\r\n\n\n\n\r\n<p>The point of using Lorem Ipsum is that it has a more-or-less normal distribution of letters, as opposed to using &#8216;Content here, content here&#8217;, making it look like readable English.<\/p>\r\n\n\n\n\r\n<p>The point of using Lorem Ipsum is that it has a more-or-less normal distribution of letters, as opposed to using &#8216;Content here, content here&#8217;, making it look like readable English.<\/p>\r\n\n\n\n\n\n\n\n\n\n","protected":false},"excerpt":{"rendered":"","protected":false},"author":1,"featured_media":0,"parent":0,"menu_order":0,"comment_status":"closed","ping_status":"closed","template":"","meta":{"pagelayer_contact_templates":[],"_pagelayer_content":"","footnotes":""},"class_list":["post-29","page","type-page","status-publish","hentry"],"_links":{"self":[{"href":"https:\/\/autoposzt.hu\/index.php?rest_route=\/wp\/v2\/pages\/29","targetHints":{"allow":["GET"]}}],"collection":[{"href":"https:\/\/autoposzt.hu\/index.php?rest_route=\/wp\/v2\/pages"}],"about":[{"href":"https:\/\/autoposzt.hu\/index.php?rest_route=\/wp\/v2\/types\/page"}],"author":[{"embeddable":true,"href":"https:\/\/autoposzt.hu\/index.php?rest_route=\/wp\/v2\/users\/1"}],"replies":[{"embeddable":true,"href":"https:\/\/autoposzt.hu\/index.php?rest_route=%2Fwp%2Fv2%2Fcomments&post=29"}],"version-history":[{"count":19,"href":"https:\/\/autoposzt.hu\/index.php?rest_route=\/wp\/v2\/pages\/29\/revisions"}],"predecessor-version":[{"id":685,"href":"https:\/\/autoposzt.hu\/index.php?rest_route=\/wp\/v2\/pages\/29\/revisions\/685"}],"wp:attachment":[{"href":"https:\/\/autoposzt.hu\/index.php?rest_route=%2Fwp%2Fv2%2Fmedia&parent=29"}],"curies":[{"name":"wp","href":"https:\/\/api.w.org\/{rel}","templated":true}]}}