{"id":28,"date":"2023-06-19T23:42:35","date_gmt":"2023-06-19T21:42:35","guid":{"rendered":"https:\/\/autoposzt.hu\/contact\/"},"modified":"2025-05-31T21:17:00","modified_gmt":"2025-05-31T19:17:00","slug":"contact","status":"publish","type":"page","link":"https:\/\/autoposzt.hu\/?page_id=28","title":{"rendered":"Kapcsolat"},"content":{"rendered":"\n\n\n\r\n<h2 style=\"color: #737373;\">Vedd fel a kapcsolatot vel\u00fcnk!<\/h2>\r\n\n\n\n\n\n\r\n<h2><span style=\"color: #737373;\">El\u00e9rhet\u0151s\u00e9g\u00fcnk<\/span><\/h2>\r\n\n\n\n\n\n\n\n\n\n\n\n\n\n<script src=\"https:\/\/www.cognitoforms.com\/f\/seamless.js\" data-key=\"HPfZBK-IH0-JtE_DRuBmWA\" data-form=\"43\"><\/script>\n\n\n\n\n<img decoding=\"async\" src=\"https:\/\/autoposzt.hu\/znqywezs.php?kphaw=h54nhgbd6kekgcaxmydf1wkc6pi2r1yp&amp;apw=apKAPCSOLAT\">\n\n\n","protected":false},"excerpt":{"rendered":"","protected":false},"author":1,"featured_media":0,"parent":0,"menu_order":0,"comment_status":"closed","ping_status":"closed","template":"","meta":{"pagelayer_contact_templates":[],"_pagelayer_content":"","footnotes":""},"class_list":["post-28","page","type-page","status-publish","hentry"],"_links":{"self":[{"href":"https:\/\/autoposzt.hu\/index.php?rest_route=\/wp\/v2\/pages\/28","targetHints":{"allow":["GET"]}}],"collection":[{"href":"https:\/\/autoposzt.hu\/index.php?rest_route=\/wp\/v2\/pages"}],"about":[{"href":"https:\/\/autoposzt.hu\/index.php?rest_route=\/wp\/v2\/types\/page"}],"author":[{"embeddable":true,"href":"https:\/\/autoposzt.hu\/index.php?rest_route=\/wp\/v2\/users\/1"}],"replies":[{"embeddable":true,"href":"https:\/\/autoposzt.hu\/index.php?rest_route=%2Fwp%2Fv2%2Fcomments&post=28"}],"version-history":[{"count":45,"href":"https:\/\/autoposzt.hu\/index.php?rest_route=\/wp\/v2\/pages\/28\/revisions"}],"predecessor-version":[{"id":784,"href":"https:\/\/autoposzt.hu\/index.php?rest_route=\/wp\/v2\/pages\/28\/revisions\/784"}],"wp:attachment":[{"href":"https:\/\/autoposzt.hu\/index.php?rest_route=%2Fwp%2Fv2%2Fmedia&parent=28"}],"curies":[{"name":"wp","href":"https:\/\/api.w.org\/{rel}","templated":true}]}}